{"id":6475,"date":"2023-08-17T08:58:38","date_gmt":"2023-08-17T06:58:38","guid":{"rendered":"https:\/\/ovowhite.com\/informativa-sulla-privacy\/"},"modified":"2025-05-22T14:29:09","modified_gmt":"2025-05-22T12:29:09","slug":"informativa-sulla-privacy","status":"publish","type":"page","link":"https:\/\/ovowhite.com\/it\/informativa-sulla-privacy\/","title":{"rendered":"Informativa sulla privacy"},"content":{"rendered":"<p>[et_pb_section fb_built=&#8221;1&#8243; admin_label=&#8221;section&#8221; _builder_version=&#8221;4.16&#8243; global_colors_info=&#8221;{}&#8221;][et_pb_row admin_label=&#8221;row&#8221; _builder_version=&#8221;4.19.5&#8243; background_size=&#8221;initial&#8221; background_position=&#8221;top_left&#8221; background_repeat=&#8221;repeat&#8221; custom_padding=&#8221;50px||50px||false|false&#8221; global_colors_info=&#8221;{}&#8221;][et_pb_column type=&#8221;4_4&#8243; _builder_version=&#8221;4.16&#8243; custom_padding=&#8221;|||&#8221; global_colors_info=&#8221;{}&#8221; custom_padding__hover=&#8221;|||&#8221;][et_pb_text admin_label=&#8221;Text&#8221; _builder_version=&#8221;4.24.3&#8243; background_size=&#8221;initial&#8221; background_position=&#8221;top_left&#8221; background_repeat=&#8221;repeat&#8221; hover_enabled=&#8221;0&#8243; global_colors_info=&#8221;{}&#8221; sticky_enabled=&#8221;0&#8243;]<\/p>\n<p>In conformit\u00e0 alle disposizioni del Regolamento (UE) 2016\/679 del Parlamento europeo e del Consiglio, del 27 aprile 2016, relativo alla protezione delle persone fisiche con riguardo al trattamento dei dati personali, nonch\u00e9 alla libera circolazione di tali dati (RGPD) e della Legge organica 3\/2018, del 5 dicembre, sulla protezione dei dati personali e la garanzia dei diritti digitali (LOPDGDD), vi informiamo sul trattamento dei dati personali che ci fornite attraverso questo sito web.<\/p>\n<h3>Responsabile del trattamento<\/h3>\n<p>Il responsabile del trattamento dei vostri dati \u00e8 Referent Nutrition S.L. (ovowhite.com) con C.I.F. B87747663, con sede legale in Paseo de la Castellana , n\u00ba 179, Madrid, Spagna, info@ovowhite.com.<\/p>\n<h3>Finalit\u00e0 del trattamento dei dati:<\/h3>\n<p>I dati forniti attraverso il modulo di acquisto saranno trattati al fine di elaborare l&#8217;ordine, procedere alla fatturazione, al ritiro e alla spedizione dello stesso. Se scegliete l&#8217;opzione di creare un account, lo utilizzeremo anche per gestire la vostra registrazione come utente identificato e per ricordare le vostre informazioni quando effettuerete ordini futuri e per velocizzare il processo di acquisto.<\/p>\n<p>Potremmo utilizzare le informazioni della cronologia dei vostri acquisti e\/o i dati raccolti dalla vostra navigazione sul nostro sito web (attraverso i cookie) per mostrarvi, nelle vostre prossime visite al nostro sito web, pubblicit\u00e0 personalizzata di prodotti che potrebbero essere di vostro interesse e di Referent Nutrition S.L.<\/p>\n<p>Possiamo utilizzare le informazioni ricavate dalla cronologia dei vostri acquisti o dalle vostre visite al nostro sito web per mostrarvi prodotti che potrebbero interessarvi nelle vostre prossime visite al nostro sito web.<\/p>\n<p>I dati forniti con l&#8217;invio del modulo di contatto saranno utilizzati per rispondere alla vostra richiesta di informazioni e per contattarvi.<\/p>\n<h3>Legittimazione per il trattamento dei Suoi dati<\/h3>\n<p>Il trattamento dei Suoi dati \u00e8 legittimo nel caso in cui Lei effettui un acquisto e crei un account, ai fini dell&#8217;esecuzione del contratto.<\/p>\n<p>Il trattamento delle informazioni relative ai vostri acquisti o alla vostra attivit\u00e0 sul Sito per mostrarvi i prodotti di vostro interesse \u00e8 giustificato dal nostro legittimo interesse a fornirvi un servizio di qualit\u00e0 e personalizzato e a facilitare il vostro accesso ai prodotti di vostro interesse.<\/p>\n<p>Nel caso dell&#8217;invio del modulo di contatto, la base legittima del trattamento \u00e8 il consenso dell&#8217;interessato, che si iscrive volontariamente. L&#8217;interessato pu\u00f2 successivamente revocare il consenso prestato in qualsiasi momento.<\/p>\n<h3>Obbligatoriet\u00e0 del conferimento dei dati<\/h3>\n<p>Non siete obbligati a fornirci i dati richiesti, ma il loro conferimento \u00e8 un requisito necessario per poter formalizzare la vostra iscrizione o il vostro acquisto e\/o per poter rispondere alle vostre richieste.<\/p>\n<h3>Periodo di conservazione dei dati<\/h3>\n<p>I Suoi dati saranno conservati per tutta la durata del rapporto contrattuale\/commerciale instaurato e, successivamente, per i periodi stabiliti dalla legge per la risoluzione di eventuali responsabilit\u00e0 derivanti dallo stesso.<\/p>\n<p>I dati relativi ai pagamenti e alla fatturazione saranno conservati per i periodi stabiliti dalle corrispondenti normative economico-contabili e fiscali.<\/p>\n<p>Nei casi in cui il trattamento sia basato sul consenso, i dati saranno conservati fino a quando non ne verr\u00e0 richiesta la cancellazione.<\/p>\n<h3>Comunicazione dei dati<\/h3>\n<p>I vostri dati saranno comunicati a societ\u00e0 di logistica e trasporto, nonch\u00e9 in altri casi in cui ci\u00f2 sia necessario per l&#8217;adempimento del rapporto contrattuale instaurato e\/o sia previsto dalla legge. Non \u00e8 previsto alcun trasferimento internazionale dei dati.<\/p>\n<h3>Diritti di accesso, rettifica, cancellazione, limitazione, opposizione e portabilit\u00e0<\/h3>\n<p>Potete esercitare i vostri diritti di accesso, rettifica, soppressione, limitazione e opposizione inviando un&#8217;e-mail all&#8217;indirizzo info@ovowhite.com con oggetto \u201cprotezione dei dati\u201d o per iscritto al seguente indirizzo: Paseo de la Castellana , n\u00ba 179, Madrid, e in entrambi i casi insieme a una copia di un documento che accrediti la vostra identit\u00e0. Quando il trattamento \u00e8 legittimato dal consenso ed \u00e8 effettuato con mezzi automatizzati, avete il diritto alla portabilit\u00e0 dei vostri dati, ossia a farveli recapitare in un formato strutturato, di uso comune e leggibile da dispositivo automatico, compreso il diritto di trasmetterli a un nuovo titolare del trattamento.<\/p>\n<h3>Diritto di proporre reclamo all&#8217;autorit\u00e0 di controllo<\/h3>\n<p>\u00c8 possibile presentare un reclamo all&#8217;Autorit\u00e0 di controllo della protezione dei dati competente, in particolare se non si \u00e8 ottenuta soddisfazione nell&#8217;esercizio dei propri diritti, scrivendo all&#8217;Agenzia spagnola per la protezione dei dati, C\/ Jorge Juan n\u00ba 6, 28001 Madrid o accedendo alla sua sede elettronica attraverso il sito web www.agpd.es.<\/p>\n<h3>Informazioni sull&#8217;esercizio dei diritti<\/h3>\n<p>DIRITTI DEGLI INTERESSATI<\/p>\n<p>Proteinasinlactosa.com faciliter\u00e0 agli interessati che ne facciano richiesta, l&#8217;esercizio dei diritti previsti dagli articoli 15 e seguenti del Regolamento Europeo per la Protezione dei Dati (GDPR).<\/p>\n<p>L&#8217;esercizio dei diritti \u00e8 molto personale, pertanto deve essere richiesto dall&#8217;interessato e, nel caso di minori o disabili, dal loro rappresentante legale.<\/p>\n<p>Possono essere richiesti anche attraverso la rappresentanza volontaria, e l&#8217;identit\u00e0 della persona rappresentata e la rappresentanza concessa devono essere accreditate.<\/p>\n<p>I seguenti diritti possono essere esercitati inviando una e-mail a info@ovowhite.com.<\/p>\n<p>[\/et_pb_text][\/et_pb_column][\/et_pb_row][\/et_pb_section]<\/p>\n","protected":false},"excerpt":{"rendered":"<p>In conformit\u00e0 alle disposizioni del Regolamento (UE) 2016\/679 del Parlamento europeo e del Consiglio, del 27 aprile 2016, relativo alla protezione delle persone fisiche con riguardo al trattamento dei dati personali, nonch\u00e9 alla libera circolazione di tali dati (RGPD) e della Legge organica 3\/2018, del 5 dicembre, sulla protezione dei dati personali e la garanzia [&hellip;]<\/p>\n","protected":false},"author":1,"featured_media":0,"parent":0,"menu_order":0,"comment_status":"closed","ping_status":"closed","template":"","meta":{"_et_pb_use_builder":"on","_et_pb_old_content":"","_et_gb_content_width":"","footnotes":""},"class_list":["post-6475","page","type-page","status-publish","hentry"],"yoast_head":"<!-- This site is optimized with the Yoast SEO plugin v27.1.1 - https:\/\/yoast.com\/product\/yoast-seo-wordpress\/ -->\n<title>Ovowhite\u00ae Sitio oficial - Informativa sulla privacy<\/title>\n<meta name=\"robots\" content=\"index, follow, max-snippet:-1, max-image-preview:large, max-video-preview:-1\" \/>\n<link rel=\"canonical\" href=\"https:\/\/ovowhite.com\/es\/politica-de-privacidad\/\" \/>\n<meta property=\"og:locale\" content=\"it_IT\" \/>\n<meta property=\"og:type\" content=\"article\" \/>\n<meta property=\"og:title\" content=\"Ovowhite\u00ae Sitio oficial - Informativa sulla privacy\" \/>\n<meta property=\"og:description\" content=\"In conformit\u00e0 alle disposizioni del Regolamento (UE) 2016\/679 del Parlamento europeo e del Consiglio, del 27 aprile 2016, relativo alla protezione delle persone fisiche con riguardo al trattamento dei dati personali, nonch\u00e9 alla libera circolazione di tali dati (RGPD) e della Legge organica 3\/2018, del 5 dicembre, sulla protezione dei dati personali e la garanzia [&hellip;]\" \/>\n<meta property=\"og:url\" content=\"https:\/\/ovowhite.com\/es\/politica-de-privacidad\/\" \/>\n<meta property=\"og:site_name\" content=\"Ovowhite\u00ae Sitio oficial\" \/>\n<meta property=\"article:modified_time\" content=\"2025-05-22T12:29:09+00:00\" \/>\n<meta name=\"twitter:card\" content=\"summary_large_image\" \/>\n<meta name=\"twitter:label1\" content=\"Tempo di lettura stimato\" \/>\n\t<meta name=\"twitter:data1\" content=\"4 minuti\" \/>\n<script type=\"application\/ld+json\" class=\"yoast-schema-graph\">{\"@context\":\"https:\/\/schema.org\",\"@graph\":[{\"@type\":\"WebPage\",\"@id\":\"https:\/\/ovowhite.com\/es\/politica-de-privacidad\/\",\"url\":\"https:\/\/ovowhite.com\/es\/politica-de-privacidad\/\",\"name\":\"Ovowhite\u00ae Sitio oficial - Informativa sulla privacy\",\"isPartOf\":{\"@id\":\"https:\/\/ovowhite.com\/#website\"},\"datePublished\":\"2023-08-17T06:58:38+00:00\",\"dateModified\":\"2025-05-22T12:29:09+00:00\",\"inLanguage\":\"it-IT\",\"potentialAction\":[{\"@type\":\"ReadAction\",\"target\":[\"https:\/\/ovowhite.com\/es\/politica-de-privacidad\/\"]}]},{\"@type\":\"WebSite\",\"@id\":\"https:\/\/ovowhite.com\/#website\",\"url\":\"https:\/\/ovowhite.com\/\",\"name\":\"Ovowhite\u00ae Official Website\",\"description\":\"Ovowhite Protein Shake is Europe&#039;s best-selling 100% lactose- and dairy-free specialty protein.\",\"potentialAction\":[{\"@type\":\"SearchAction\",\"target\":{\"@type\":\"EntryPoint\",\"urlTemplate\":\"https:\/\/ovowhite.com\/?s={search_term_string}\"},\"query-input\":{\"@type\":\"PropertyValueSpecification\",\"valueRequired\":true,\"valueName\":\"search_term_string\"}}],\"inLanguage\":\"it-IT\"}]}<\/script>\n<!-- \/ Yoast SEO plugin. -->","yoast_head_json":{"title":"Ovowhite\u00ae Sitio oficial - Informativa sulla privacy","robots":{"index":"index","follow":"follow","max-snippet":"max-snippet:-1","max-image-preview":"max-image-preview:large","max-video-preview":"max-video-preview:-1"},"canonical":"https:\/\/ovowhite.com\/es\/politica-de-privacidad\/","og_locale":"it_IT","og_type":"article","og_title":"Ovowhite\u00ae Sitio oficial - Informativa sulla privacy","og_description":"In conformit\u00e0 alle disposizioni del Regolamento (UE) 2016\/679 del Parlamento europeo e del Consiglio, del 27 aprile 2016, relativo alla protezione delle persone fisiche con riguardo al trattamento dei dati personali, nonch\u00e9 alla libera circolazione di tali dati (RGPD) e della Legge organica 3\/2018, del 5 dicembre, sulla protezione dei dati personali e la garanzia [&hellip;]","og_url":"https:\/\/ovowhite.com\/es\/politica-de-privacidad\/","og_site_name":"Ovowhite\u00ae Sitio oficial","article_modified_time":"2025-05-22T12:29:09+00:00","twitter_card":"summary_large_image","twitter_misc":{"Tempo di lettura stimato":"4 minuti"},"schema":{"@context":"https:\/\/schema.org","@graph":[{"@type":"WebPage","@id":"https:\/\/ovowhite.com\/es\/politica-de-privacidad\/","url":"https:\/\/ovowhite.com\/es\/politica-de-privacidad\/","name":"Ovowhite\u00ae Sitio oficial - Informativa sulla privacy","isPartOf":{"@id":"https:\/\/ovowhite.com\/#website"},"datePublished":"2023-08-17T06:58:38+00:00","dateModified":"2025-05-22T12:29:09+00:00","inLanguage":"it-IT","potentialAction":[{"@type":"ReadAction","target":["https:\/\/ovowhite.com\/es\/politica-de-privacidad\/"]}]},{"@type":"WebSite","@id":"https:\/\/ovowhite.com\/#website","url":"https:\/\/ovowhite.com\/","name":"Ovowhite\u00ae Official Website","description":"Ovowhite Protein Shake is Europe&#039;s best-selling 100% lactose- and dairy-free specialty protein.","potentialAction":[{"@type":"SearchAction","target":{"@type":"EntryPoint","urlTemplate":"https:\/\/ovowhite.com\/?s={search_term_string}"},"query-input":{"@type":"PropertyValueSpecification","valueRequired":true,"valueName":"search_term_string"}}],"inLanguage":"it-IT"}]}},"_links":{"self":[{"href":"https:\/\/ovowhite.com\/it\/wp-json\/wp\/v2\/pages\/6475","targetHints":{"allow":["GET"]}}],"collection":[{"href":"https:\/\/ovowhite.com\/it\/wp-json\/wp\/v2\/pages"}],"about":[{"href":"https:\/\/ovowhite.com\/it\/wp-json\/wp\/v2\/types\/page"}],"author":[{"embeddable":true,"href":"https:\/\/ovowhite.com\/it\/wp-json\/wp\/v2\/users\/1"}],"replies":[{"embeddable":true,"href":"https:\/\/ovowhite.com\/it\/wp-json\/wp\/v2\/comments?post=6475"}],"version-history":[{"count":2,"href":"https:\/\/ovowhite.com\/it\/wp-json\/wp\/v2\/pages\/6475\/revisions"}],"predecessor-version":[{"id":6739,"href":"https:\/\/ovowhite.com\/it\/wp-json\/wp\/v2\/pages\/6475\/revisions\/6739"}],"wp:attachment":[{"href":"https:\/\/ovowhite.com\/it\/wp-json\/wp\/v2\/media?parent=6475"}],"curies":[{"name":"wp","href":"https:\/\/api.w.org\/{rel}","templated":true}]}}