{"id":7314,"date":"2025-07-29T13:02:48","date_gmt":"2025-07-29T11:02:48","guid":{"rendered":"https:\/\/ovowhite.com\/mi-cuenta-2\/"},"modified":"2025-07-29T13:02:48","modified_gmt":"2025-07-29T11:02:48","slug":"mi-cuenta-2","status":"publish","type":"page","link":"https:\/\/ovowhite.com\/es\/mi-cuenta-2\/","title":{"rendered":"Mi cuenta"},"content":{"rendered":"<div class=\"woocommerce\"><\/div>\n","protected":false},"excerpt":{"rendered":"","protected":false},"author":1,"featured_media":0,"parent":0,"menu_order":0,"comment_status":"closed","ping_status":"closed","template":"","meta":{"_et_pb_use_builder":"","_et_pb_old_content":"","_et_gb_content_width":"","footnotes":""},"class_list":["post-7314","page","type-page","status-publish","hentry"],"yoast_head":"<!-- This site is optimized with the Yoast SEO plugin v27.1.1 - https:\/\/yoast.com\/product\/yoast-seo-wordpress\/ -->\n<title>Ovowhite\u00ae Sitio oficial - Mi cuenta<\/title>\n<meta name=\"robots\" content=\"index, follow, max-snippet:-1, max-image-preview:large, max-video-preview:-1\" \/>\n<link rel=\"canonical\" href=\"https:\/\/ovowhite.com\/es\/mi-cuenta-2\/\" \/>\n<meta property=\"og:locale\" content=\"es_ES\" \/>\n<meta property=\"og:type\" content=\"article\" \/>\n<meta property=\"og:title\" content=\"Ovowhite\u00ae Sitio oficial - Mi cuenta\" \/>\n<meta property=\"og:url\" content=\"https:\/\/ovowhite.com\/es\/mi-cuenta-2\/\" \/>\n<meta property=\"og:site_name\" content=\"Ovowhite\u00ae Sitio oficial\" \/>\n<meta name=\"twitter:card\" content=\"summary_large_image\" \/>\n<script type=\"application\/ld+json\" class=\"yoast-schema-graph\">{\"@context\":\"https:\/\/schema.org\",\"@graph\":[{\"@type\":\"WebPage\",\"@id\":\"https:\/\/ovowhite.com\/es\/mi-cuenta-2\/\",\"url\":\"https:\/\/ovowhite.com\/es\/mi-cuenta-2\/\",\"name\":\"Ovowhite\u00ae Sitio oficial - Mi cuenta\",\"isPartOf\":{\"@id\":\"https:\/\/ovowhite.com\/es\/#website\"},\"datePublished\":\"2025-07-29T11:02:48+00:00\",\"inLanguage\":\"es\",\"potentialAction\":[{\"@type\":\"ReadAction\",\"target\":[\"https:\/\/ovowhite.com\/es\/mi-cuenta-2\/\"]}]},{\"@type\":\"WebSite\",\"@id\":\"https:\/\/ovowhite.com\/es\/#website\",\"url\":\"https:\/\/ovowhite.com\/es\/\",\"name\":\"Ovowhite\u00ae Official Website\",\"description\":\"Ovowhite Protein Shake es la prote\u00edna especializada 100% sin lactosa y libre de l\u00e1cteos m\u00e1s vendida en Europa.\",\"potentialAction\":[{\"@type\":\"SearchAction\",\"target\":{\"@type\":\"EntryPoint\",\"urlTemplate\":\"https:\/\/ovowhite.com\/es\/?s={search_term_string}\"},\"query-input\":{\"@type\":\"PropertyValueSpecification\",\"valueRequired\":true,\"valueName\":\"search_term_string\"}}],\"inLanguage\":\"es\"}]}<\/script>\n<!-- \/ Yoast SEO plugin. -->","yoast_head_json":{"title":"Ovowhite\u00ae Sitio oficial - Mi cuenta","robots":{"index":"index","follow":"follow","max-snippet":"max-snippet:-1","max-image-preview":"max-image-preview:large","max-video-preview":"max-video-preview:-1"},"canonical":"https:\/\/ovowhite.com\/es\/mi-cuenta-2\/","og_locale":"es_ES","og_type":"article","og_title":"Ovowhite\u00ae Sitio oficial - Mi cuenta","og_url":"https:\/\/ovowhite.com\/es\/mi-cuenta-2\/","og_site_name":"Ovowhite\u00ae Sitio oficial","twitter_card":"summary_large_image","schema":{"@context":"https:\/\/schema.org","@graph":[{"@type":"WebPage","@id":"https:\/\/ovowhite.com\/es\/mi-cuenta-2\/","url":"https:\/\/ovowhite.com\/es\/mi-cuenta-2\/","name":"Ovowhite\u00ae Sitio oficial - Mi cuenta","isPartOf":{"@id":"https:\/\/ovowhite.com\/es\/#website"},"datePublished":"2025-07-29T11:02:48+00:00","inLanguage":"es","potentialAction":[{"@type":"ReadAction","target":["https:\/\/ovowhite.com\/es\/mi-cuenta-2\/"]}]},{"@type":"WebSite","@id":"https:\/\/ovowhite.com\/es\/#website","url":"https:\/\/ovowhite.com\/es\/","name":"Ovowhite\u00ae Official Website","description":"Ovowhite Protein Shake es la prote\u00edna especializada 100% sin lactosa y libre de l\u00e1cteos m\u00e1s vendida en Europa.","potentialAction":[{"@type":"SearchAction","target":{"@type":"EntryPoint","urlTemplate":"https:\/\/ovowhite.com\/es\/?s={search_term_string}"},"query-input":{"@type":"PropertyValueSpecification","valueRequired":true,"valueName":"search_term_string"}}],"inLanguage":"es"}]}},"_links":{"self":[{"href":"https:\/\/ovowhite.com\/es\/wp-json\/wp\/v2\/pages\/7314","targetHints":{"allow":["GET"]}}],"collection":[{"href":"https:\/\/ovowhite.com\/es\/wp-json\/wp\/v2\/pages"}],"about":[{"href":"https:\/\/ovowhite.com\/es\/wp-json\/wp\/v2\/types\/page"}],"author":[{"embeddable":true,"href":"https:\/\/ovowhite.com\/es\/wp-json\/wp\/v2\/users\/1"}],"replies":[{"embeddable":true,"href":"https:\/\/ovowhite.com\/es\/wp-json\/wp\/v2\/comments?post=7314"}],"version-history":[{"count":0,"href":"https:\/\/ovowhite.com\/es\/wp-json\/wp\/v2\/pages\/7314\/revisions"}],"wp:attachment":[{"href":"https:\/\/ovowhite.com\/es\/wp-json\/wp\/v2\/media?parent=7314"}],"curies":[{"name":"wp","href":"https:\/\/api.w.org\/{rel}","templated":true}]}}