{"id":4928,"date":"2023-08-17T09:06:33","date_gmt":"2023-08-17T07:06:33","guid":{"rendered":"https:\/\/ovowhite.com\/?page_id=4928"},"modified":"2023-08-17T09:06:38","modified_gmt":"2023-08-17T07:06:38","slug":"aviso-legal","status":"publish","type":"page","link":"https:\/\/ovowhite.com\/es\/aviso-legal\/","title":{"rendered":"Aviso Legal"},"content":{"rendered":"<p>[et_pb_section fb_built=\u00bb1&#8243; admin_label=\u00bbsection\u00bb _builder_version=\u00bb4.16&#8243; global_colors_info=\u00bb{}\u00bb][et_pb_row admin_label=\u00bbrow\u00bb _builder_version=\u00bb4.19.5&#8243; background_size=\u00bbinitial\u00bb background_position=\u00bbtop_left\u00bb background_repeat=\u00bbrepeat\u00bb custom_padding=\u00bb50px||50px||false|false\u00bb global_colors_info=\u00bb{}\u00bb][et_pb_column type=\u00bb4_4&#8243; _builder_version=\u00bb4.16&#8243; custom_padding=\u00bb|||\u00bb global_colors_info=\u00bb{}\u00bb custom_padding__hover=\u00bb|||\u00bb][et_pb_text admin_label=\u00bbText\u00bb _builder_version=\u00bb4.19.5&#8243; background_size=\u00bbinitial\u00bb background_position=\u00bbtop_left\u00bb background_repeat=\u00bbrepeat\u00bb hover_enabled=\u00bb0&#8243; global_colors_info=\u00bb{}\u00bb sticky_enabled=\u00bb0&#8243;]<\/p>\n<h3><span style=\"font-weight: 400;\">0. OBJETO Y ACEPTACI\u00d3N<\/span><\/h3>\n<p><span style=\"font-weight: 400;\">El presente aviso legal regula el uso del sitio web www.ovovowhite.com (en adelante, LA WEB), del que es titular Referent Nutrition S.L (en adelante, ovowhite.com). La navegaci\u00f3n por el sitio web de ovowhite.com atribuye la condici\u00f3n de usuario del mismo e implica la aceptaci\u00f3n plena y sin reservas de todas y cada una de las disposiciones incluidas en este Aviso Legal, que pueden sufrir modificaciones. El usuario se obliga a hacer un uso correcto del sitio web de conformidad con las leyes, la buena fe, el orden p\u00fablico, los usos del tr\u00e1fico y el presente Aviso Legal. El usuario responder\u00e1 frente a ovowhite.com o frente a terceros, de cualesquiera da\u00f1os y perjuicios que pudieran causarse como consecuencia del incumplimiento de dicha obligaci\u00f3n.<\/span><\/p>\n<h3><span style=\"font-weight: 400;\">\u00a01. IDENTIFICACI\u00d3N Y COMUNICACIONES<\/span><\/h3>\n<p><span style=\"font-weight: 400;\">maquillajeycosmetica.com, en cumplimiento de la Ley 34\/2002, de 11 de julio, de servicios de la sociedad de la informaci\u00f3n y de comercio electr\u00f3nico, le informa de que: Su denominaci\u00f3n social es: Referent Nutrition S.L. CIF: CIF B87747663 Su domicilio est\u00e1 en: Paseo de la Castellana , n\u00ba 179, Madrid, Espa\u00f1a, Inscrita en el Registro Mercantil de Madrid (tomo 35709, folio 200, hoja 641732), DATOS DE INSCRIPCI\u00d3N Para comunicarse con nosotros, ponemos a su disposici\u00f3n diferentes medios de contacto que detallamos a continuaci\u00f3n: Email: info@ovowhite.com Todas las notificaciones y comunicaciones entre los usuarios y ovowhite.com se considerar\u00e1n eficaces, a todos los efectos, cuando se realicen a trav\u00e9s de correo postal o cualquier otro medio de los detallados anteriormente.<\/span><\/p>\n<h3><span style=\"font-weight: 400;\">\u00a02. CONDICIONES DE ACCESO Y UTILIZACI\u00d3N<\/span><\/h3>\n<p><span style=\"font-weight: 400;\">El sitio web y sus servicios son de acceso libre y gratuito, no obstante, ovowhite.com condiciona la utilizaci\u00f3n de algunos de los servicios ofrecidos en su web a la previa cumplimentaci\u00f3n del correspondiente formulario. El usuario garantiza la autenticidad y actualidad de todos aquellos datos que comunique a ovowhite.com y ser\u00e1 el \u00fanico responsable de las manifestaciones falsas o inexactas que realice. El usuario se compromete expresamente a hacer un uso adecuado de los contenidos y servicios de ovowhite.com a no emplearlos para, entre otros: a) Difundir contenidos, delictivos, violentos, pornogr\u00e1ficos, racistas, xen\u00f3fobo, ofensivos, de apolog\u00eda del terrorismo o, en general, contrarios a la ley o al orden p\u00fablico. b) Introducir en la red virus inform\u00e1ticos o realizar actuaciones susceptibles de alterar, estropear, interrumpir o generar errores o da\u00f1os en los documentos electr\u00f3nicos, datos o sistemas f\u00edsicos y l\u00f3gicos de ovowhite.com o de terceras personas; as\u00ed como obstaculizar el acceso de otros usuarios al sitio web y a sus servicios mediante el consumo masivo de los recursos inform\u00e1ticos a trav\u00e9s de los cuales ovowhite.com presta sus servicios. c) Intentar acceder a las cuentas de correo electr\u00f3nico de otros usuarios o a \u00e1reas restringidas de los sistemas inform\u00e1ticos de ovowhite.com o de terceros y, en su caso, extraer informaci\u00f3n. d) Vulnerar los derechos de propiedad intelectual o industrial, as\u00ed como violar la confidencialidad de la informaci\u00f3n de ovowhite.com o de terceros. e) Suplantar la identidad de otro usuario, de las administraciones p\u00fablicas o de un tercero. f) Reproducir, copiar, distribuir, poner a disposici\u00f3n o de cualquier otra forma comunicar p\u00fablicamente, transformar o modificar los contenidos, a menos que se cuente con la autorizaci\u00f3n del titular de los correspondientes derechos o ello resulte legalmente permitido. g) Recabar datos con finalidad publicitaria y de remitir publicidad de cualquier clase y comunicaciones con fines de venta u otras de naturaleza comercial sin que medie su previa solicitud o consentimiento. Todos los contenidos del sitio web, como textos, fotograf\u00edas, gr\u00e1ficos, im\u00e1genes, iconos, tecnolog\u00eda, software, as\u00ed como su dise\u00f1o gr\u00e1fico y c\u00f3digos fuente, constituyen una obra cuya propiedad pertenece a ovowhite.com, sin que puedan entenderse cedidos al usuario ninguno de los derechos de explotaci\u00f3n sobre los mismos m\u00e1s all\u00e1 de lo estrictamente necesario para el correcto uso de la web. En definitiva, los usuarios que accedan a este sitio web pueden visualizar los contenidos y efectuar, en su caso, copias privadas autorizadas siempre que los elementos reproducidos no sean cedidos posteriormente a terceros, ni se instalen a servidores conectados a redes, ni sean objeto de ning\u00fan tipo de explotaci\u00f3n. Asimismo, todas las marcas, nombres comerciales o signos distintivos de cualquier clase que aparecen en el sitio web son propiedad de maquillajeycosmetica.com, sin que pueda entenderse que el uso o acceso al mismo atribuya al usuario derecho alguno sobre los mismos. La distribuci\u00f3n, modificaci\u00f3n, cesi\u00f3n o comunicaci\u00f3n p\u00fablica de los contenidos y cualquier otro acto que no haya sido expresamente autorizado por el titular de los derechos de explotaci\u00f3n quedan prohibidas. El establecimiento de un hiperenlace no implica en ning\u00fan caso la existencia de relaciones entre ovowhite.com y el propietario del sitio web en la que se establezca, ni la aceptaci\u00f3n y aprobaci\u00f3n por parte de ovowhite.com de sus contenidos o servicios. Aquellas personas que se propongan establecer un hiperenlace previamente deber\u00e1n solicitar autorizaci\u00f3n por escrito a ovowhite.com. En todo caso, el hiperenlace \u00fanicamente permitir\u00e1 el acceso a la home-page o p\u00e1gina de inicio de nuestro sitio web, asimismo deber\u00e1 abstenerse de realizar manifestaciones o indicaciones falsas, inexactas o incorrectas sobre ovowhite.com, o incluir contenidos il\u00edcitos, contrarios a las buenas costumbres y al orden p\u00fablico. ovowhite.com no se responsabiliza del uso que cada usuario le d\u00e9 a los materiales puestos a disposici\u00f3n en este sitio web ni de las actuaciones que realice en base a los mismos.<\/span><\/p>\n<h3><span style=\"font-weight: 400;\">\u00a03. EXCLUSI\u00d3N DE GARANT\u00cdAS Y DE RESPONSABILIDAD<\/span><\/h3>\n<p><span style=\"font-weight: 400;\">El contenido del presente sitio web es de car\u00e1cter general y tiene una finalidad meramente informativa, sin que se garantice plenamente el acceso a todos los contenidos, ni su exhaustividad, correcci\u00f3n, vigencia o actualidad, ni su idoneidad o utilidad para un objetivo espec\u00edfico. ovowhite.com excluye, hasta donde permite el ordenamiento jur\u00eddico, cualquier responsabilidad por los da\u00f1os y perjuicios de toda naturaleza derivados de: a) La imposibilidad de acceso al sitio web o la falta de veracidad, exactitud, exhaustividad y\/o actualidad de los contenidos, as\u00ed como la existencia de vicios y defectos de toda clase de los contenidos transmitidos, difundidos, almacenados, puestos a disposici\u00f3n a los que se haya accedido a trav\u00e9s del sitio web o de los servicios que se ofrecen. b) La presencia de virus o de otros elementos en los contenidos que puedan producir alteraciones en los sistemas inform\u00e1ticos, documentos electr\u00f3nicos o datos de los usuarios. c) El incumplimiento de las leyes, la buena fe, el orden p\u00fablico, los usos del tr\u00e1fico y el presente aviso legal como consecuencia del uso incorrecto del sitio web. En particular, y a modo ejemplificativo,ovowhite.com no se hace responsable de las actuaciones de terceros que vulneren derechos de propiedad intelectual e industrial, secretos empresariales, derechos al honor, a la intimidad personal y familiar y a la propia imagen, as\u00ed como la normativa en materia de competencia desleal y publicidad il\u00edcita. Asimismo, ovowhite.com declinan cualquier responsabilidad respecto a la informaci\u00f3n que se halle fuera de esta web y no sea gestionada directamente por nuestro webmaster. La funci\u00f3n de los links que aparecen en esta web es exclusivamente la de informar al usuario sobre la existencia de otras fuentes susceptibles de ampliar los contenidos que ofrece este sitio web. ovowhite.com no garantizan ni se responsabilizan del funcionamiento o accesibilidad de los sitios enlazados; ni sugiere, invita o recomienda la visita a los mismos, por lo que tampoco ser\u00e1 responsable del resultado obtenido. ovowhite.com no se responsabilizan del establecimiento de hiperv\u00ednculos por parte de terceros.<\/span><\/p>\n<h3><span style=\"font-weight: 400;\">\u00a04. PROCEDIMIENTO EN CASO DE REALIZACI\u00d3N DE ACTIVIDADES DE CAR\u00c1CTER IL\u00cdCITO<\/span><\/h3>\n<p><span style=\"font-weight: 400;\">En el caso de que cualquier usuario o un tercero considere que existen hechos o circunstancias que revelen el car\u00e1cter il\u00edcito de la utilizaci\u00f3n de cualquier contenido y\/o de la realizaci\u00f3n de cualquier actividad en las p\u00e1ginas web incluidas o accesibles a trav\u00e9s del sitio web, deber\u00e1 enviar una notificaci\u00f3n a ovowhite.com identific\u00e1ndose debidamente, especificando las supuestas infracciones y declarando expresamente y bajo su responsabilidad que la informaci\u00f3n proporcionada en la notificaci\u00f3n es exacta. Para toda cuesti\u00f3n litigiosa que incumba al sitio web de ovowhite.comm, ser\u00e1 de aplicaci\u00f3n la legislaci\u00f3n espa\u00f1ola, siendo competentes los Juzgados y Tribunales de Madrid (Espa\u00f1a).<\/span><\/p>\n<h3><span style=\"font-weight: 400;\">\u00a05. PUBLICACIONES<\/span><\/h3>\n<p><span style=\"font-weight: 400;\">La informaci\u00f3n administrativa facilitada a trav\u00e9s del sitio web no sustituye la publicidad legal de las leyes, normativas, planes, disposiciones generales y actos que tengan que ser publicados formalmente a los diarios oficiales de las administraciones p\u00fablicas, que constituyen el \u00fanico instrumento que da fe de su autenticidad y contenido. La informaci\u00f3n disponible en este sitio web debe entenderse como una gu\u00eda sin prop\u00f3sito de validez legal.<\/span><\/p>\n<p>&nbsp;<\/p>\n<p>[\/et_pb_text][\/et_pb_column][\/et_pb_row][\/et_pb_section]<\/p>\n","protected":false},"excerpt":{"rendered":"<p>0. OBJETO Y ACEPTACI\u00d3N El presente aviso legal regula el uso del sitio web www.ovovowhite.com (en adelante, LA WEB), del que es titular Referent Nutrition S.L (en adelante, ovowhite.com). La navegaci\u00f3n por el sitio web de ovowhite.com atribuye la condici\u00f3n de usuario del mismo e implica la aceptaci\u00f3n plena y sin reservas de todas y [&hellip;]<\/p>\n","protected":false},"author":1,"featured_media":0,"parent":0,"menu_order":0,"comment_status":"closed","ping_status":"closed","template":"","meta":{"_et_pb_use_builder":"on","_et_pb_old_content":"<span style=\"font-weight: 400;\">De acuerdo con lo establecido en el Reglamento (UE) 2016\/679 del Parlamento Europeo y del Consejo, de 27 de abril de 2016, relativo a la protecci\u00f3n de las personas f\u00edsicas en lo que respecta al tratamiento de datos personales y a la libre circulaci\u00f3n de estos datos (RGPD) y la Ley Org\u00e1nica 3\/2018, de 5 de diciembre, de Protecci\u00f3n de Datos Personales y garant\u00eda de los derechos digitales (LOPDGDD) les informamos sobre el tratamiento de los datos personales que nos facilite a trav\u00e9s de esta Web.<\/span>\r\n<h2><span style=\"font-weight: 400;\">Responsable del tratamiento<\/span><\/h2>\r\n<span style=\"font-weight: 400;\">El responsable del tratamiento de sus datos es\u00a0 Referent Nutrition S.L. (ovowhite.com) con C.I.F. B87747663, con domicilio en Paseo de la Castellana , n\u00ba 179, Madrid, Espa\u00f1a,\u00a0 info@ovowhite.com<\/span>\r\n\r\n<span style=\"font-weight: 400;\">Finalidad con la que trataremos sus datos:<\/span>\r\n\r\n<span style=\"font-weight: 400;\">Los datos que nos facilita mediante el formulario de compra ser\u00e1n tratados con la finalidad de tramitar su pedido, proceder a la facturaci\u00f3n, cobro y env\u00edo de este. Si elige la opci\u00f3n de crear una cuenta adem\u00e1s los utilizaremos para gestionar su registro como usuario identificado y recordar su informaci\u00f3n a la hora de hacer futuros pedidos y agilizar su proceso de compra.<\/span>\r\n\r\n<span style=\"font-weight: 400;\">Podemos utilizar la informaci\u00f3n de su historial de compras y\/o datos recopilados su navegaci\u00f3n por nuestra p\u00e1gina (a trav\u00e9s de cookies) para mostrarle en sus pr\u00f3ximas visitas a nuestra Web publicidad personalizada de productos que pueden ser de su inter\u00e9s tanto de Referent Nutrition S.L.<\/span>\r\n\r\n<span style=\"font-weight: 400;\">Podemos utilizar la informaci\u00f3n de su historial de compras o de sus visitas a nuestra p\u00e1gina para mostrarle en sus pr\u00f3ximas visitas a nuestra Web productos que pueden ser de su inter\u00e9s.\u00a0<\/span>\r\n\r\n<span style=\"font-weight: 400;\">Los datos proporcionados mediante el env\u00edo del formulario de contacto ser\u00e1n utilizados para responder su solicitud de informaci\u00f3n y ponernos en contacto con usted.<\/span>\r\n<h2><span style=\"font-weight: 400;\">Legitimaci\u00f3n para el tratamiento de sus datos<\/span><\/h2>\r\n<span style=\"font-weight: 400;\">El tratamiento de sus datos est\u00e1 legitimado en el caso de que realice una compra y creaci\u00f3n de una cuenta, en la ejecuci\u00f3n del contrato.<\/span>\r\n\r\n<span style=\"font-weight: 400;\">El tratamiento de la informaci\u00f3n de sus compras o de su actividad en la Web para mostrarle productos de su inter\u00e9s est\u00e1 legitimado en nuestro inter\u00e9s leg\u00edtimo en proporcionarle un servicio de calidad y personalizado y facilitarle el acceso a los productos de su inter\u00e9s.<\/span>\r\n\r\n<span style=\"font-weight: 400;\">En el caso del el env\u00edo del formulario de contacto, la base legitimadora del tratamiento es el consentimiento del interesado, que voluntariamente se suscribe. El interesado podr\u00e1 revocar con posterioridad y en cualquier momento el consentimiento otorgado.<\/span>\r\n<h2><span style=\"font-weight: 400;\">Obligatoriedad de la aportaci\u00f3n de sus datos<\/span><\/h2>\r\n<span style=\"font-weight: 400;\">Usted no est\u00e1 obligado a facilitarnos los datos solicitados, pero la aportaci\u00f3n de los mismos es un requisito necesario para poder formalizar su registro o compra y\/o para poder contestar a sus consultas.<\/span>\r\n<h2><span style=\"font-weight: 400;\">Plazo de conservaci\u00f3n de sus datos<\/span><\/h2>\r\n<span style=\"font-weight: 400;\">Sus datos ser\u00e1n conservados, mientras dure la relaci\u00f3n contractual\/comercial establecida, y con posterioridad, durante los plazos establecidos legalmente para la resoluci\u00f3n de posibles responsabilidades derivadas de la misma.<\/span>\r\n\r\n<span style=\"font-weight: 400;\">Los datos relativos a pagos y facturaci\u00f3n se conservar\u00e1n durante los plazos establecidos en la normativa correspondiente en materia econ\u00f3mico\/ contable y fiscal.<\/span>\r\n\r\n<span style=\"font-weight: 400;\">En los supuestos en que el tratamiento est\u00e1 basado en el consentimiento, los datos ser\u00e1n conservados mientras usted no solicite la supresi\u00f3n de los mismos.<\/span>\r\n<h2><span style=\"font-weight: 400;\">Comunicaci\u00f3n de datos<\/span><\/h2>\r\n<span style=\"font-weight: 400;\">Sus datos ser\u00e1n comunicados a las empresas de log\u00edstica, transporte as\u00ed como en los dem\u00e1s supuestos en que sea necesario para el cumplimiento de la relaci\u00f3n contractual establecida y\/o est\u00e9 previsto legalmente. No se prev\u00e9n transferencias internacionales de datos.<\/span>\r\n<h2><span style=\"font-weight: 400;\">Derechos de acceso, rectificaci\u00f3n, supresi\u00f3n, limitaci\u00f3n, oposici\u00f3n y portabilidad<\/span><\/h2>\r\n<span style=\"font-weight: 400;\">Podr\u00e1 ejercer los derechos de acceso, rectificaci\u00f3n, supresi\u00f3n, limitaci\u00f3n y oposici\u00f3n en la direcci\u00f3n de correo electr\u00f3nico info@ovowhite.com con el asunto \u201cprotecci\u00f3n de datos\u201d o por escrito en la siguiente direcci\u00f3n Paseo de la Castellana , n\u00ba 179, Madrid, y en cualquiera de los dos casos junto con copia de documento que acredite su identidad. Cuando el tratamiento est\u00e9 legitimado en el consentimiento y se efect\u00fae por medios automatizados tendr\u00e1 derecho a la portabilidad de sus datos, es decir, a que se le entreguen en formato estructurado, de uso com\u00fan y lectura mec\u00e1nica, incluso a remit\u00edrselos a un nuevo responsable.<\/span>\r\n<h2><span style=\"font-weight: 400;\">Derecho de reclamaci\u00f3n a la autoridad de control<\/span><\/h2>\r\n<span style=\"font-weight: 400;\">Podr\u00e1 presentar reclamaci\u00f3n ante la Autoridad de Control en materia de Protecci\u00f3n de Datos competente, especialmente cuando no haya obtenido satisfacci\u00f3n en el ejercicio de sus derechos, mediante escrito dirigido a la Agencia Espa\u00f1ola de Protecci\u00f3n de Datos , C\/Jorge Juan n\u00ba 6, 28001 Madrid o bien accediendo a su sede electr\u00f3nica a trav\u00e9s de la web <\/span><a href=\"http:\/\/www.agpd.es\/\"><span style=\"font-weight: 400;\">www.agpd.es<\/span><\/a>\r\n<h2><span style=\"font-weight: 400;\">Informaci\u00f3n sobre ejercicio de derechos<\/span><\/h2>\r\n<span style=\"font-weight: 400;\">DERECHOS DE LOS INTERESADOS<\/span>\r\n\r\n<span style=\"font-weight: 400;\">Proteinasinlactosa.com facilitar\u00e1 a los interesados que lo soliciten, el ejercicio de sus derechos en virtud de lo establecido en los art\u00edculos 15 y siguientes Reglamento Europeo de Protecci\u00f3n de Datos. (RGPD)\u00a0<\/span>\r\n\r\n<span style=\"font-weight: 400;\">El ejercicio de los derechos es personal\u00edsimo, por lo que deber\u00e1 solicitarlo el propio interesado, y en el caso de menores o incapacitados, su representante legal.<\/span>\r\n\r\n<span style=\"font-weight: 400;\">Tambi\u00e9n podr\u00e1n ser solicitados mediante representaci\u00f3n voluntaria, debiendo quedar en acreditada la identidad del representado y la representaci\u00f3n otorgada<\/span>\r\n\r\n<span style=\"font-weight: 400;\">Los siguientes derechos que pueden ser ejercitados a trav\u00e9s de la direcci\u00f3n de correo electr\u00f3nico info@ovowhite.com<\/span>","_et_gb_content_width":"","footnotes":""},"class_list":["post-4928","page","type-page","status-publish","hentry"],"yoast_head":"<!-- This site is optimized with the Yoast SEO plugin v27.1.1 - https:\/\/yoast.com\/product\/yoast-seo-wordpress\/ -->\n<title>Ovowhite\u00ae Sitio oficial - Aviso Legal<\/title>\n<meta name=\"robots\" content=\"index, follow, max-snippet:-1, max-image-preview:large, max-video-preview:-1\" \/>\n<link rel=\"canonical\" href=\"https:\/\/ovowhite.com\/es\/aviso-legal\/\" \/>\n<meta property=\"og:locale\" content=\"es_ES\" \/>\n<meta property=\"og:type\" content=\"article\" \/>\n<meta property=\"og:title\" content=\"Ovowhite\u00ae Sitio oficial - Aviso Legal\" \/>\n<meta property=\"og:description\" content=\"0. OBJETO Y ACEPTACI\u00d3N El presente aviso legal regula el uso del sitio web www.ovovowhite.com (en adelante, LA WEB), del que es titular Referent Nutrition S.L (en adelante, ovowhite.com). La navegaci\u00f3n por el sitio web de ovowhite.com atribuye la condici\u00f3n de usuario del mismo e implica la aceptaci\u00f3n plena y sin reservas de todas y [&hellip;]\" \/>\n<meta property=\"og:url\" content=\"https:\/\/ovowhite.com\/es\/aviso-legal\/\" \/>\n<meta property=\"og:site_name\" content=\"Ovowhite\u00ae Sitio oficial\" \/>\n<meta property=\"article:modified_time\" content=\"2023-08-17T07:06:38+00:00\" \/>\n<meta name=\"twitter:card\" content=\"summary_large_image\" \/>\n<meta name=\"twitter:label1\" content=\"Tiempo de lectura\" \/>\n\t<meta name=\"twitter:data1\" content=\"8 minutos\" \/>\n<script type=\"application\/ld+json\" class=\"yoast-schema-graph\">{\"@context\":\"https:\/\/schema.org\",\"@graph\":[{\"@type\":\"WebPage\",\"@id\":\"https:\/\/ovowhite.com\/es\/aviso-legal\/\",\"url\":\"https:\/\/ovowhite.com\/es\/aviso-legal\/\",\"name\":\"Ovowhite\u00ae Sitio oficial - Aviso Legal\",\"isPartOf\":{\"@id\":\"https:\/\/ovowhite.com\/#website\"},\"datePublished\":\"2023-08-17T07:06:33+00:00\",\"dateModified\":\"2023-08-17T07:06:38+00:00\",\"inLanguage\":\"es\",\"potentialAction\":[{\"@type\":\"ReadAction\",\"target\":[\"https:\/\/ovowhite.com\/es\/aviso-legal\/\"]}]},{\"@type\":\"WebSite\",\"@id\":\"https:\/\/ovowhite.com\/#website\",\"url\":\"https:\/\/ovowhite.com\/\",\"name\":\"Ovowhite\u00ae Official Website\",\"description\":\"Ovowhite Protein Shake es la prote\u00edna especializada 100% sin lactosa y libre de l\u00e1cteos m\u00e1s vendida en Europa.\",\"potentialAction\":[{\"@type\":\"SearchAction\",\"target\":{\"@type\":\"EntryPoint\",\"urlTemplate\":\"https:\/\/ovowhite.com\/?s={search_term_string}\"},\"query-input\":{\"@type\":\"PropertyValueSpecification\",\"valueRequired\":true,\"valueName\":\"search_term_string\"}}],\"inLanguage\":\"es\"}]}<\/script>\n<!-- \/ Yoast SEO plugin. -->","yoast_head_json":{"title":"Ovowhite\u00ae Sitio oficial - Aviso Legal","robots":{"index":"index","follow":"follow","max-snippet":"max-snippet:-1","max-image-preview":"max-image-preview:large","max-video-preview":"max-video-preview:-1"},"canonical":"https:\/\/ovowhite.com\/es\/aviso-legal\/","og_locale":"es_ES","og_type":"article","og_title":"Ovowhite\u00ae Sitio oficial - Aviso Legal","og_description":"0. OBJETO Y ACEPTACI\u00d3N El presente aviso legal regula el uso del sitio web www.ovovowhite.com (en adelante, LA WEB), del que es titular Referent Nutrition S.L (en adelante, ovowhite.com). La navegaci\u00f3n por el sitio web de ovowhite.com atribuye la condici\u00f3n de usuario del mismo e implica la aceptaci\u00f3n plena y sin reservas de todas y [&hellip;]","og_url":"https:\/\/ovowhite.com\/es\/aviso-legal\/","og_site_name":"Ovowhite\u00ae Sitio oficial","article_modified_time":"2023-08-17T07:06:38+00:00","twitter_card":"summary_large_image","twitter_misc":{"Tiempo de lectura":"8 minutos"},"schema":{"@context":"https:\/\/schema.org","@graph":[{"@type":"WebPage","@id":"https:\/\/ovowhite.com\/es\/aviso-legal\/","url":"https:\/\/ovowhite.com\/es\/aviso-legal\/","name":"Ovowhite\u00ae Sitio oficial - Aviso Legal","isPartOf":{"@id":"https:\/\/ovowhite.com\/#website"},"datePublished":"2023-08-17T07:06:33+00:00","dateModified":"2023-08-17T07:06:38+00:00","inLanguage":"es","potentialAction":[{"@type":"ReadAction","target":["https:\/\/ovowhite.com\/es\/aviso-legal\/"]}]},{"@type":"WebSite","@id":"https:\/\/ovowhite.com\/#website","url":"https:\/\/ovowhite.com\/","name":"Ovowhite\u00ae Official Website","description":"Ovowhite Protein Shake es la prote\u00edna especializada 100% sin lactosa y libre de l\u00e1cteos m\u00e1s vendida en Europa.","potentialAction":[{"@type":"SearchAction","target":{"@type":"EntryPoint","urlTemplate":"https:\/\/ovowhite.com\/?s={search_term_string}"},"query-input":{"@type":"PropertyValueSpecification","valueRequired":true,"valueName":"search_term_string"}}],"inLanguage":"es"}]}},"_links":{"self":[{"href":"https:\/\/ovowhite.com\/es\/wp-json\/wp\/v2\/pages\/4928","targetHints":{"allow":["GET"]}}],"collection":[{"href":"https:\/\/ovowhite.com\/es\/wp-json\/wp\/v2\/pages"}],"about":[{"href":"https:\/\/ovowhite.com\/es\/wp-json\/wp\/v2\/types\/page"}],"author":[{"embeddable":true,"href":"https:\/\/ovowhite.com\/es\/wp-json\/wp\/v2\/users\/1"}],"replies":[{"embeddable":true,"href":"https:\/\/ovowhite.com\/es\/wp-json\/wp\/v2\/comments?post=4928"}],"version-history":[{"count":2,"href":"https:\/\/ovowhite.com\/es\/wp-json\/wp\/v2\/pages\/4928\/revisions"}],"predecessor-version":[{"id":4931,"href":"https:\/\/ovowhite.com\/es\/wp-json\/wp\/v2\/pages\/4928\/revisions\/4931"}],"wp:attachment":[{"href":"https:\/\/ovowhite.com\/es\/wp-json\/wp\/v2\/media?parent=4928"}],"curies":[{"name":"wp","href":"https:\/\/api.w.org\/{rel}","templated":true}]}}