{"id":4907,"date":"2023-08-17T08:58:38","date_gmt":"2023-08-17T06:58:38","guid":{"rendered":"https:\/\/ovowhite.com\/?page_id=4907"},"modified":"2023-08-17T09:00:55","modified_gmt":"2023-08-17T07:00:55","slug":"politica-de-privacidad","status":"publish","type":"page","link":"https:\/\/ovowhite.com\/es\/politica-de-privacidad\/","title":{"rendered":"Pol\u00edtica de Privacidad"},"content":{"rendered":"<p>[et_pb_section fb_built=\u00bb1&#8243; admin_label=\u00bbsection\u00bb _builder_version=\u00bb4.16&#8243; global_colors_info=\u00bb{}\u00bb][et_pb_row admin_label=\u00bbrow\u00bb _builder_version=\u00bb4.19.5&#8243; background_size=\u00bbinitial\u00bb background_position=\u00bbtop_left\u00bb background_repeat=\u00bbrepeat\u00bb hover_enabled=\u00bb0&#8243; global_colors_info=\u00bb{}\u00bb custom_padding=\u00bb50px||50px||false|false\u00bb sticky_enabled=\u00bb0&#8243;][et_pb_column type=\u00bb4_4&#8243; _builder_version=\u00bb4.16&#8243; custom_padding=\u00bb|||\u00bb global_colors_info=\u00bb{}\u00bb custom_padding__hover=\u00bb|||\u00bb][et_pb_text admin_label=\u00bbText\u00bb _builder_version=\u00bb4.16&#8243; background_size=\u00bbinitial\u00bb background_position=\u00bbtop_left\u00bb background_repeat=\u00bbrepeat\u00bb global_colors_info=\u00bb{}\u00bb]<span style=\"font-weight: 400;\">De acuerdo con lo establecido en el Reglamento (UE) 2016\/679 del Parlamento Europeo y del Consejo, de 27 de abril de 2016, relativo a la protecci\u00f3n de las personas f\u00edsicas en lo que respecta al tratamiento de datos personales y a la libre circulaci\u00f3n de estos datos (RGPD) y la Ley Org\u00e1nica 3\/2018, de 5 de diciembre, de Protecci\u00f3n de Datos Personales y garant\u00eda de los derechos digitales (LOPDGDD) les informamos sobre el tratamiento de los datos personales que nos facilite a trav\u00e9s de esta Web.<\/span><\/p>\n<h2><span style=\"font-weight: 400;\">Responsable del tratamiento<\/span><\/h2>\n<p><span style=\"font-weight: 400;\">El responsable del tratamiento de sus datos es\u00a0 Referent Nutrition S.L. (ovowhite.com) con C.I.F. B87747663, con domicilio en Paseo de la Castellana , n\u00ba 179, Madrid, Espa\u00f1a,\u00a0 info@ovowhite.com<\/span><\/p>\n<p><span style=\"font-weight: 400;\">Finalidad con la que trataremos sus datos:<\/span><\/p>\n<p><span style=\"font-weight: 400;\">Los datos que nos facilita mediante el formulario de compra ser\u00e1n tratados con la finalidad de tramitar su pedido, proceder a la facturaci\u00f3n, cobro y env\u00edo de este. Si elige la opci\u00f3n de crear una cuenta adem\u00e1s los utilizaremos para gestionar su registro como usuario identificado y recordar su informaci\u00f3n a la hora de hacer futuros pedidos y agilizar su proceso de compra.<\/span><\/p>\n<p><span style=\"font-weight: 400;\">Podemos utilizar la informaci\u00f3n de su historial de compras y\/o datos recopilados su navegaci\u00f3n por nuestra p\u00e1gina (a trav\u00e9s de cookies) para mostrarle en sus pr\u00f3ximas visitas a nuestra Web publicidad personalizada de productos que pueden ser de su inter\u00e9s tanto de Referent Nutrition S.L.<\/span><\/p>\n<p><span style=\"font-weight: 400;\">Podemos utilizar la informaci\u00f3n de su historial de compras o de sus visitas a nuestra p\u00e1gina para mostrarle en sus pr\u00f3ximas visitas a nuestra Web productos que pueden ser de su inter\u00e9s.\u00a0<\/span><\/p>\n<p><span style=\"font-weight: 400;\">Los datos proporcionados mediante el env\u00edo del formulario de contacto ser\u00e1n utilizados para responder su solicitud de informaci\u00f3n y ponernos en contacto con usted.<\/span><\/p>\n<h2><span style=\"font-weight: 400;\">Legitimaci\u00f3n para el tratamiento de sus datos<\/span><\/h2>\n<p><span style=\"font-weight: 400;\">El tratamiento de sus datos est\u00e1 legitimado en el caso de que realice una compra y creaci\u00f3n de una cuenta, en la ejecuci\u00f3n del contrato.<\/span><\/p>\n<p><span style=\"font-weight: 400;\">El tratamiento de la informaci\u00f3n de sus compras o de su actividad en la Web para mostrarle productos de su inter\u00e9s est\u00e1 legitimado en nuestro inter\u00e9s leg\u00edtimo en proporcionarle un servicio de calidad y personalizado y facilitarle el acceso a los productos de su inter\u00e9s.<\/span><\/p>\n<p><span style=\"font-weight: 400;\">En el caso del el env\u00edo del formulario de contacto, la base legitimadora del tratamiento es el consentimiento del interesado, que voluntariamente se suscribe. El interesado podr\u00e1 revocar con posterioridad y en cualquier momento el consentimiento otorgado.<\/span><\/p>\n<h2><span style=\"font-weight: 400;\">Obligatoriedad de la aportaci\u00f3n de sus datos<\/span><\/h2>\n<p><span style=\"font-weight: 400;\">Usted no est\u00e1 obligado a facilitarnos los datos solicitados, pero la aportaci\u00f3n de los mismos es un requisito necesario para poder formalizar su registro o compra y\/o para poder contestar a sus consultas.<\/span><\/p>\n<h2><span style=\"font-weight: 400;\">Plazo de conservaci\u00f3n de sus datos<\/span><\/h2>\n<p><span style=\"font-weight: 400;\">Sus datos ser\u00e1n conservados, mientras dure la relaci\u00f3n contractual\/comercial establecida, y con posterioridad, durante los plazos establecidos legalmente para la resoluci\u00f3n de posibles responsabilidades derivadas de la misma.<\/span><\/p>\n<p><span style=\"font-weight: 400;\">Los datos relativos a pagos y facturaci\u00f3n se conservar\u00e1n durante los plazos establecidos en la normativa correspondiente en materia econ\u00f3mico\/ contable y fiscal.<\/span><\/p>\n<p><span style=\"font-weight: 400;\">En los supuestos en que el tratamiento est\u00e1 basado en el consentimiento, los datos ser\u00e1n conservados mientras usted no solicite la supresi\u00f3n de los mismos.<\/span><\/p>\n<h2><span style=\"font-weight: 400;\">Comunicaci\u00f3n de datos<\/span><\/h2>\n<p><span style=\"font-weight: 400;\">Sus datos ser\u00e1n comunicados a las empresas de log\u00edstica, transporte as\u00ed como en los dem\u00e1s supuestos en que sea necesario para el cumplimiento de la relaci\u00f3n contractual establecida y\/o est\u00e9 previsto legalmente. No se prev\u00e9n transferencias internacionales de datos.<\/span><\/p>\n<h2><span style=\"font-weight: 400;\">Derechos de acceso, rectificaci\u00f3n, supresi\u00f3n, limitaci\u00f3n, oposici\u00f3n y portabilidad<\/span><\/h2>\n<p><span style=\"font-weight: 400;\">Podr\u00e1 ejercer los derechos de acceso, rectificaci\u00f3n, supresi\u00f3n, limitaci\u00f3n y oposici\u00f3n en la direcci\u00f3n de correo electr\u00f3nico info@ovowhite.com con el asunto \u201cprotecci\u00f3n de datos\u201d o por escrito en la siguiente direcci\u00f3n Paseo de la Castellana , n\u00ba 179, Madrid, y en cualquiera de los dos casos junto con copia de documento que acredite su identidad. Cuando el tratamiento est\u00e9 legitimado en el consentimiento y se efect\u00fae por medios automatizados tendr\u00e1 derecho a la portabilidad de sus datos, es decir, a que se le entreguen en formato estructurado, de uso com\u00fan y lectura mec\u00e1nica, incluso a remit\u00edrselos a un nuevo responsable.<\/span><\/p>\n<h2><span style=\"font-weight: 400;\">Derecho de reclamaci\u00f3n a la autoridad de control<\/span><\/h2>\n<p><span style=\"font-weight: 400;\">Podr\u00e1 presentar reclamaci\u00f3n ante la Autoridad de Control en materia de Protecci\u00f3n de Datos competente, especialmente cuando no haya obtenido satisfacci\u00f3n en el ejercicio de sus derechos, mediante escrito dirigido a la Agencia Espa\u00f1ola de Protecci\u00f3n de Datos , C\/Jorge Juan n\u00ba 6, 28001 Madrid o bien accediendo a su sede electr\u00f3nica a trav\u00e9s de la web <\/span><a href=\"http:\/\/www.agpd.es\/\"><span style=\"font-weight: 400;\">www.agpd.es<\/span><\/a><\/p>\n<h2><span style=\"font-weight: 400;\">Informaci\u00f3n sobre ejercicio de derechos<\/span><\/h2>\n<p><span style=\"font-weight: 400;\">DERECHOS DE LOS INTERESADOS<\/span><\/p>\n<p><span style=\"font-weight: 400;\">Proteinasinlactosa.com facilitar\u00e1 a los interesados que lo soliciten, el ejercicio de sus derechos en virtud de lo establecido en los art\u00edculos 15 y siguientes Reglamento Europeo de Protecci\u00f3n de Datos. (RGPD)\u00a0<\/span><\/p>\n<p><span style=\"font-weight: 400;\">El ejercicio de los derechos es personal\u00edsimo, por lo que deber\u00e1 solicitarlo el propio interesado, y en el caso de menores o incapacitados, su representante legal.<\/span><\/p>\n<p><span style=\"font-weight: 400;\">Tambi\u00e9n podr\u00e1n ser solicitados mediante representaci\u00f3n voluntaria, debiendo quedar en acreditada la identidad del representado y la representaci\u00f3n otorgada<\/span><\/p>\n<p><span style=\"font-weight: 400;\">Los siguientes derechos que pueden ser ejercitados a trav\u00e9s de la direcci\u00f3n de correo electr\u00f3nico info@ovowhite.com<\/span>[\/et_pb_text][\/et_pb_column][\/et_pb_row][\/et_pb_section]<\/p>\n","protected":false},"excerpt":{"rendered":"<p>De acuerdo con lo establecido en el Reglamento (UE) 2016\/679 del Parlamento Europeo y del Consejo, de 27 de abril de 2016, relativo a la protecci\u00f3n de las personas f\u00edsicas en lo que respecta al tratamiento de datos personales y a la libre circulaci\u00f3n de estos datos (RGPD) y la Ley Org\u00e1nica 3\/2018, de 5 [&hellip;]<\/p>\n","protected":false},"author":1,"featured_media":0,"parent":0,"menu_order":0,"comment_status":"closed","ping_status":"closed","template":"","meta":{"_et_pb_use_builder":"on","_et_pb_old_content":"<span style=\"font-weight: 400;\">De acuerdo con lo establecido en el Reglamento (UE) 2016\/679 del Parlamento Europeo y del Consejo, de 27 de abril de 2016, relativo a la protecci\u00f3n de las personas f\u00edsicas en lo que respecta al tratamiento de datos personales y a la libre circulaci\u00f3n de estos datos (RGPD) y la Ley Org\u00e1nica 3\/2018, de 5 de diciembre, de Protecci\u00f3n de Datos Personales y garant\u00eda de los derechos digitales (LOPDGDD) les informamos sobre el tratamiento de los datos personales que nos facilite a trav\u00e9s de esta Web.<\/span>\r\n<h2><span style=\"font-weight: 400;\">Responsable del tratamiento<\/span><\/h2>\r\n<span style=\"font-weight: 400;\">El responsable del tratamiento de sus datos es\u00a0 Referent Nutrition S.L. (ovowhite.com) con C.I.F. B87747663, con domicilio en Paseo de la Castellana , n\u00ba 179, Madrid, Espa\u00f1a,\u00a0 info@ovowhite.com<\/span>\r\n\r\n<span style=\"font-weight: 400;\">Finalidad con la que trataremos sus datos:<\/span>\r\n\r\n<span style=\"font-weight: 400;\">Los datos que nos facilita mediante el formulario de compra ser\u00e1n tratados con la finalidad de tramitar su pedido, proceder a la facturaci\u00f3n, cobro y env\u00edo de este. Si elige la opci\u00f3n de crear una cuenta adem\u00e1s los utilizaremos para gestionar su registro como usuario identificado y recordar su informaci\u00f3n a la hora de hacer futuros pedidos y agilizar su proceso de compra.<\/span>\r\n\r\n<span style=\"font-weight: 400;\">Podemos utilizar la informaci\u00f3n de su historial de compras y\/o datos recopilados su navegaci\u00f3n por nuestra p\u00e1gina (a trav\u00e9s de cookies) para mostrarle en sus pr\u00f3ximas visitas a nuestra Web publicidad personalizada de productos que pueden ser de su inter\u00e9s tanto de Referent Nutrition S.L.<\/span>\r\n\r\n<span style=\"font-weight: 400;\">Podemos utilizar la informaci\u00f3n de su historial de compras o de sus visitas a nuestra p\u00e1gina para mostrarle en sus pr\u00f3ximas visitas a nuestra Web productos que pueden ser de su inter\u00e9s.\u00a0<\/span>\r\n\r\n<span style=\"font-weight: 400;\">Los datos proporcionados mediante el env\u00edo del formulario de contacto ser\u00e1n utilizados para responder su solicitud de informaci\u00f3n y ponernos en contacto con usted.<\/span>\r\n<h2><span style=\"font-weight: 400;\">Legitimaci\u00f3n para el tratamiento de sus datos<\/span><\/h2>\r\n<span style=\"font-weight: 400;\">El tratamiento de sus datos est\u00e1 legitimado en el caso de que realice una compra y creaci\u00f3n de una cuenta, en la ejecuci\u00f3n del contrato.<\/span>\r\n\r\n<span style=\"font-weight: 400;\">El tratamiento de la informaci\u00f3n de sus compras o de su actividad en la Web para mostrarle productos de su inter\u00e9s est\u00e1 legitimado en nuestro inter\u00e9s leg\u00edtimo en proporcionarle un servicio de calidad y personalizado y facilitarle el acceso a los productos de su inter\u00e9s.<\/span>\r\n\r\n<span style=\"font-weight: 400;\">En el caso del el env\u00edo del formulario de contacto, la base legitimadora del tratamiento es el consentimiento del interesado, que voluntariamente se suscribe. El interesado podr\u00e1 revocar con posterioridad y en cualquier momento el consentimiento otorgado.<\/span>\r\n<h2><span style=\"font-weight: 400;\">Obligatoriedad de la aportaci\u00f3n de sus datos<\/span><\/h2>\r\n<span style=\"font-weight: 400;\">Usted no est\u00e1 obligado a facilitarnos los datos solicitados, pero la aportaci\u00f3n de los mismos es un requisito necesario para poder formalizar su registro o compra y\/o para poder contestar a sus consultas.<\/span>\r\n<h2><span style=\"font-weight: 400;\">Plazo de conservaci\u00f3n de sus datos<\/span><\/h2>\r\n<span style=\"font-weight: 400;\">Sus datos ser\u00e1n conservados, mientras dure la relaci\u00f3n contractual\/comercial establecida, y con posterioridad, durante los plazos establecidos legalmente para la resoluci\u00f3n de posibles responsabilidades derivadas de la misma.<\/span>\r\n\r\n<span style=\"font-weight: 400;\">Los datos relativos a pagos y facturaci\u00f3n se conservar\u00e1n durante los plazos establecidos en la normativa correspondiente en materia econ\u00f3mico\/ contable y fiscal.<\/span>\r\n\r\n<span style=\"font-weight: 400;\">En los supuestos en que el tratamiento est\u00e1 basado en el consentimiento, los datos ser\u00e1n conservados mientras usted no solicite la supresi\u00f3n de los mismos.<\/span>\r\n<h2><span style=\"font-weight: 400;\">Comunicaci\u00f3n de datos<\/span><\/h2>\r\n<span style=\"font-weight: 400;\">Sus datos ser\u00e1n comunicados a las empresas de log\u00edstica, transporte as\u00ed como en los dem\u00e1s supuestos en que sea necesario para el cumplimiento de la relaci\u00f3n contractual establecida y\/o est\u00e9 previsto legalmente. No se prev\u00e9n transferencias internacionales de datos.<\/span>\r\n<h2><span style=\"font-weight: 400;\">Derechos de acceso, rectificaci\u00f3n, supresi\u00f3n, limitaci\u00f3n, oposici\u00f3n y portabilidad<\/span><\/h2>\r\n<span style=\"font-weight: 400;\">Podr\u00e1 ejercer los derechos de acceso, rectificaci\u00f3n, supresi\u00f3n, limitaci\u00f3n y oposici\u00f3n en la direcci\u00f3n de correo electr\u00f3nico info@ovowhite.com con el asunto \u201cprotecci\u00f3n de datos\u201d o por escrito en la siguiente direcci\u00f3n Paseo de la Castellana , n\u00ba 179, Madrid, y en cualquiera de los dos casos junto con copia de documento que acredite su identidad. Cuando el tratamiento est\u00e9 legitimado en el consentimiento y se efect\u00fae por medios automatizados tendr\u00e1 derecho a la portabilidad de sus datos, es decir, a que se le entreguen en formato estructurado, de uso com\u00fan y lectura mec\u00e1nica, incluso a remit\u00edrselos a un nuevo responsable.<\/span>\r\n<h2><span style=\"font-weight: 400;\">Derecho de reclamaci\u00f3n a la autoridad de control<\/span><\/h2>\r\n<span style=\"font-weight: 400;\">Podr\u00e1 presentar reclamaci\u00f3n ante la Autoridad de Control en materia de Protecci\u00f3n de Datos competente, especialmente cuando no haya obtenido satisfacci\u00f3n en el ejercicio de sus derechos, mediante escrito dirigido a la Agencia Espa\u00f1ola de Protecci\u00f3n de Datos , C\/Jorge Juan n\u00ba 6, 28001 Madrid o bien accediendo a su sede electr\u00f3nica a trav\u00e9s de la web <\/span><a href=\"http:\/\/www.agpd.es\/\"><span style=\"font-weight: 400;\">www.agpd.es<\/span><\/a>\r\n<h2><span style=\"font-weight: 400;\">Informaci\u00f3n sobre ejercicio de derechos<\/span><\/h2>\r\n<span style=\"font-weight: 400;\">DERECHOS DE LOS INTERESADOS<\/span>\r\n\r\n<span style=\"font-weight: 400;\">Proteinasinlactosa.com facilitar\u00e1 a los interesados que lo soliciten, el ejercicio de sus derechos en virtud de lo establecido en los art\u00edculos 15 y siguientes Reglamento Europeo de Protecci\u00f3n de Datos. (RGPD)\u00a0<\/span>\r\n\r\n<span style=\"font-weight: 400;\">El ejercicio de los derechos es personal\u00edsimo, por lo que deber\u00e1 solicitarlo el propio interesado, y en el caso de menores o incapacitados, su representante legal.<\/span>\r\n\r\n<span style=\"font-weight: 400;\">Tambi\u00e9n podr\u00e1n ser solicitados mediante representaci\u00f3n voluntaria, debiendo quedar en acreditada la identidad del representado y la representaci\u00f3n otorgada<\/span>\r\n\r\n<span style=\"font-weight: 400;\">Los siguientes derechos que pueden ser ejercitados a trav\u00e9s de la direcci\u00f3n de correo electr\u00f3nico info@ovowhite.com<\/span>","_et_gb_content_width":"","footnotes":""},"class_list":["post-4907","page","type-page","status-publish","hentry"],"yoast_head":"<!-- This site is optimized with the Yoast SEO plugin v27.3 - https:\/\/yoast.com\/product\/yoast-seo-wordpress\/ -->\n<title>Ovowhite\u00ae Sitio oficial - Pol\u00edtica de Privacidad<\/title>\n<meta name=\"robots\" content=\"index, follow, max-snippet:-1, max-image-preview:large, max-video-preview:-1\" \/>\n<link rel=\"canonical\" href=\"https:\/\/ovowhite.com\/es\/politica-de-privacidad\/\" \/>\n<meta property=\"og:locale\" content=\"es_ES\" \/>\n<meta property=\"og:type\" content=\"article\" \/>\n<meta property=\"og:title\" content=\"Ovowhite\u00ae Sitio oficial - Pol\u00edtica de Privacidad\" \/>\n<meta property=\"og:description\" content=\"De acuerdo con lo establecido en el Reglamento (UE) 2016\/679 del Parlamento Europeo y del Consejo, de 27 de abril de 2016, relativo a la protecci\u00f3n de las personas f\u00edsicas en lo que respecta al tratamiento de datos personales y a la libre circulaci\u00f3n de estos datos (RGPD) y la Ley Org\u00e1nica 3\/2018, de 5 [&hellip;]\" \/>\n<meta property=\"og:url\" content=\"https:\/\/ovowhite.com\/es\/politica-de-privacidad\/\" \/>\n<meta property=\"og:site_name\" content=\"Ovowhite\u00ae Sitio oficial\" \/>\n<meta property=\"article:modified_time\" content=\"2023-08-17T07:00:55+00:00\" \/>\n<meta name=\"twitter:card\" content=\"summary_large_image\" \/>\n<meta name=\"twitter:label1\" content=\"Tiempo de lectura\" \/>\n\t<meta name=\"twitter:data1\" content=\"5 minutos\" \/>\n<script type=\"application\/ld+json\" class=\"yoast-schema-graph\">{\"@context\":\"https:\\\/\\\/schema.org\",\"@graph\":[{\"@type\":\"WebPage\",\"@id\":\"https:\\\/\\\/ovowhite.com\\\/es\\\/politica-de-privacidad\\\/\",\"url\":\"https:\\\/\\\/ovowhite.com\\\/es\\\/politica-de-privacidad\\\/\",\"name\":\"Ovowhite\u00ae Sitio oficial - Pol\u00edtica de Privacidad\",\"isPartOf\":{\"@id\":\"https:\\\/\\\/ovowhite.com\\\/es\\\/#website\"},\"datePublished\":\"2023-08-17T06:58:38+00:00\",\"dateModified\":\"2023-08-17T07:00:55+00:00\",\"inLanguage\":\"es\",\"potentialAction\":[{\"@type\":\"ReadAction\",\"target\":[\"https:\\\/\\\/ovowhite.com\\\/es\\\/politica-de-privacidad\\\/\"]}]},{\"@type\":\"WebSite\",\"@id\":\"https:\\\/\\\/ovowhite.com\\\/es\\\/#website\",\"url\":\"https:\\\/\\\/ovowhite.com\\\/es\\\/\",\"name\":\"Ovowhite\u00ae Official Website\",\"description\":\"Ovowhite Protein Shake es la prote\u00edna especializada 100% sin lactosa y libre de l\u00e1cteos m\u00e1s vendida en Europa.\",\"potentialAction\":[{\"@type\":\"SearchAction\",\"target\":{\"@type\":\"EntryPoint\",\"urlTemplate\":\"https:\\\/\\\/ovowhite.com\\\/es\\\/?s={search_term_string}\"},\"query-input\":{\"@type\":\"PropertyValueSpecification\",\"valueRequired\":true,\"valueName\":\"search_term_string\"}}],\"inLanguage\":\"es\"}]}<\/script>\n<!-- \/ Yoast SEO plugin. -->","yoast_head_json":{"title":"Ovowhite\u00ae Sitio oficial - Pol\u00edtica de Privacidad","robots":{"index":"index","follow":"follow","max-snippet":"max-snippet:-1","max-image-preview":"max-image-preview:large","max-video-preview":"max-video-preview:-1"},"canonical":"https:\/\/ovowhite.com\/es\/politica-de-privacidad\/","og_locale":"es_ES","og_type":"article","og_title":"Ovowhite\u00ae Sitio oficial - Pol\u00edtica de Privacidad","og_description":"De acuerdo con lo establecido en el Reglamento (UE) 2016\/679 del Parlamento Europeo y del Consejo, de 27 de abril de 2016, relativo a la protecci\u00f3n de las personas f\u00edsicas en lo que respecta al tratamiento de datos personales y a la libre circulaci\u00f3n de estos datos (RGPD) y la Ley Org\u00e1nica 3\/2018, de 5 [&hellip;]","og_url":"https:\/\/ovowhite.com\/es\/politica-de-privacidad\/","og_site_name":"Ovowhite\u00ae Sitio oficial","article_modified_time":"2023-08-17T07:00:55+00:00","twitter_card":"summary_large_image","twitter_misc":{"Tiempo de lectura":"5 minutos"},"schema":{"@context":"https:\/\/schema.org","@graph":[{"@type":"WebPage","@id":"https:\/\/ovowhite.com\/es\/politica-de-privacidad\/","url":"https:\/\/ovowhite.com\/es\/politica-de-privacidad\/","name":"Ovowhite\u00ae Sitio oficial - Pol\u00edtica de Privacidad","isPartOf":{"@id":"https:\/\/ovowhite.com\/es\/#website"},"datePublished":"2023-08-17T06:58:38+00:00","dateModified":"2023-08-17T07:00:55+00:00","inLanguage":"es","potentialAction":[{"@type":"ReadAction","target":["https:\/\/ovowhite.com\/es\/politica-de-privacidad\/"]}]},{"@type":"WebSite","@id":"https:\/\/ovowhite.com\/es\/#website","url":"https:\/\/ovowhite.com\/es\/","name":"Ovowhite\u00ae Official Website","description":"Ovowhite Protein Shake es la prote\u00edna especializada 100% sin lactosa y libre de l\u00e1cteos m\u00e1s vendida en Europa.","potentialAction":[{"@type":"SearchAction","target":{"@type":"EntryPoint","urlTemplate":"https:\/\/ovowhite.com\/es\/?s={search_term_string}"},"query-input":{"@type":"PropertyValueSpecification","valueRequired":true,"valueName":"search_term_string"}}],"inLanguage":"es"}]}},"_links":{"self":[{"href":"https:\/\/ovowhite.com\/es\/wp-json\/wp\/v2\/pages\/4907","targetHints":{"allow":["GET"]}}],"collection":[{"href":"https:\/\/ovowhite.com\/es\/wp-json\/wp\/v2\/pages"}],"about":[{"href":"https:\/\/ovowhite.com\/es\/wp-json\/wp\/v2\/types\/page"}],"author":[{"embeddable":true,"href":"https:\/\/ovowhite.com\/es\/wp-json\/wp\/v2\/users\/1"}],"replies":[{"embeddable":true,"href":"https:\/\/ovowhite.com\/es\/wp-json\/wp\/v2\/comments?post=4907"}],"version-history":[{"count":7,"href":"https:\/\/ovowhite.com\/es\/wp-json\/wp\/v2\/pages\/4907\/revisions"}],"predecessor-version":[{"id":4914,"href":"https:\/\/ovowhite.com\/es\/wp-json\/wp\/v2\/pages\/4907\/revisions\/4914"}],"wp:attachment":[{"href":"https:\/\/ovowhite.com\/es\/wp-json\/wp\/v2\/media?parent=4907"}],"curies":[{"name":"wp","href":"https:\/\/api.w.org\/{rel}","templated":true}]}}