{"id":4038,"date":"2023-07-05T10:31:13","date_gmt":"2023-07-05T08:31:13","guid":{"rendered":"https:\/\/ovowhite.com\/?page_id=4038"},"modified":"2023-07-05T10:31:16","modified_gmt":"2023-07-05T08:31:16","slug":"sobre-nosotros","status":"publish","type":"page","link":"https:\/\/ovowhite.com\/es\/sobre-nosotros\/","title":{"rendered":"Sobre Nosotros"},"content":{"rendered":"<p>[et_pb_section fb_built=\u00bb1&#8243; theme_builder_area=\u00bbpost_content\u00bb _builder_version=\u00bb4.19.5&#8243; _module_preset=\u00bbdefault\u00bb][et_pb_row _builder_version=\u00bb4.19.5&#8243; _module_preset=\u00bbdefault\u00bb theme_builder_area=\u00bbpost_content\u00bb][et_pb_column _builder_version=\u00bb4.19.5&#8243; _module_preset=\u00bbdefault\u00bb type=\u00bb4_4&#8243; theme_builder_area=\u00bbpost_content\u00bb][\/et_pb_column][\/et_pb_row][\/et_pb_section]<\/p>\n","protected":false},"excerpt":{"rendered":"","protected":false},"author":1,"featured_media":0,"parent":0,"menu_order":0,"comment_status":"closed","ping_status":"closed","template":"","meta":{"_et_pb_use_builder":"on","_et_pb_old_content":"","_et_gb_content_width":"","footnotes":""},"class_list":["post-4038","page","type-page","status-publish","hentry"],"yoast_head":"<!-- This site is optimized with the Yoast SEO plugin v27.3 - https:\/\/yoast.com\/product\/yoast-seo-wordpress\/ -->\n<title>Ovowhite\u00ae Sitio oficial - Sobre Nosotros<\/title>\n<meta name=\"robots\" content=\"index, follow, max-snippet:-1, max-image-preview:large, max-video-preview:-1\" \/>\n<link rel=\"canonical\" href=\"https:\/\/ovowhite.com\/es\/sobre-nosotros\/\" \/>\n<meta property=\"og:locale\" content=\"es_ES\" \/>\n<meta property=\"og:type\" content=\"article\" \/>\n<meta property=\"og:title\" content=\"Ovowhite\u00ae Sitio oficial - Sobre Nosotros\" \/>\n<meta property=\"og:url\" content=\"https:\/\/ovowhite.com\/es\/sobre-nosotros\/\" \/>\n<meta property=\"og:site_name\" content=\"Ovowhite\u00ae Sitio oficial\" \/>\n<meta property=\"article:modified_time\" content=\"2023-07-05T08:31:16+00:00\" \/>\n<meta name=\"twitter:card\" content=\"summary_large_image\" \/>\n<script type=\"application\/ld+json\" class=\"yoast-schema-graph\">{\"@context\":\"https:\\\/\\\/schema.org\",\"@graph\":[{\"@type\":\"WebPage\",\"@id\":\"https:\\\/\\\/ovowhite.com\\\/es\\\/sobre-nosotros\\\/\",\"url\":\"https:\\\/\\\/ovowhite.com\\\/es\\\/sobre-nosotros\\\/\",\"name\":\"Ovowhite\u00ae Sitio oficial - Sobre Nosotros\",\"isPartOf\":{\"@id\":\"https:\\\/\\\/ovowhite.com\\\/es\\\/#website\"},\"datePublished\":\"2023-07-05T08:31:13+00:00\",\"dateModified\":\"2023-07-05T08:31:16+00:00\",\"inLanguage\":\"es\",\"potentialAction\":[{\"@type\":\"ReadAction\",\"target\":[\"https:\\\/\\\/ovowhite.com\\\/es\\\/sobre-nosotros\\\/\"]}]},{\"@type\":\"WebSite\",\"@id\":\"https:\\\/\\\/ovowhite.com\\\/es\\\/#website\",\"url\":\"https:\\\/\\\/ovowhite.com\\\/es\\\/\",\"name\":\"Ovowhite\u00ae Official Website\",\"description\":\"Ovowhite Protein Shake es la prote\u00edna especializada 100% sin lactosa y libre de l\u00e1cteos m\u00e1s vendida en Europa.\",\"potentialAction\":[{\"@type\":\"SearchAction\",\"target\":{\"@type\":\"EntryPoint\",\"urlTemplate\":\"https:\\\/\\\/ovowhite.com\\\/es\\\/?s={search_term_string}\"},\"query-input\":{\"@type\":\"PropertyValueSpecification\",\"valueRequired\":true,\"valueName\":\"search_term_string\"}}],\"inLanguage\":\"es\"}]}<\/script>\n<!-- \/ Yoast SEO plugin. -->","yoast_head_json":{"title":"Ovowhite\u00ae Sitio oficial - Sobre Nosotros","robots":{"index":"index","follow":"follow","max-snippet":"max-snippet:-1","max-image-preview":"max-image-preview:large","max-video-preview":"max-video-preview:-1"},"canonical":"https:\/\/ovowhite.com\/es\/sobre-nosotros\/","og_locale":"es_ES","og_type":"article","og_title":"Ovowhite\u00ae Sitio oficial - Sobre Nosotros","og_url":"https:\/\/ovowhite.com\/es\/sobre-nosotros\/","og_site_name":"Ovowhite\u00ae Sitio oficial","article_modified_time":"2023-07-05T08:31:16+00:00","twitter_card":"summary_large_image","schema":{"@context":"https:\/\/schema.org","@graph":[{"@type":"WebPage","@id":"https:\/\/ovowhite.com\/es\/sobre-nosotros\/","url":"https:\/\/ovowhite.com\/es\/sobre-nosotros\/","name":"Ovowhite\u00ae Sitio oficial - Sobre Nosotros","isPartOf":{"@id":"https:\/\/ovowhite.com\/es\/#website"},"datePublished":"2023-07-05T08:31:13+00:00","dateModified":"2023-07-05T08:31:16+00:00","inLanguage":"es","potentialAction":[{"@type":"ReadAction","target":["https:\/\/ovowhite.com\/es\/sobre-nosotros\/"]}]},{"@type":"WebSite","@id":"https:\/\/ovowhite.com\/es\/#website","url":"https:\/\/ovowhite.com\/es\/","name":"Ovowhite\u00ae Official Website","description":"Ovowhite Protein Shake es la prote\u00edna especializada 100% sin lactosa y libre de l\u00e1cteos m\u00e1s vendida en Europa.","potentialAction":[{"@type":"SearchAction","target":{"@type":"EntryPoint","urlTemplate":"https:\/\/ovowhite.com\/es\/?s={search_term_string}"},"query-input":{"@type":"PropertyValueSpecification","valueRequired":true,"valueName":"search_term_string"}}],"inLanguage":"es"}]}},"_links":{"self":[{"href":"https:\/\/ovowhite.com\/es\/wp-json\/wp\/v2\/pages\/4038","targetHints":{"allow":["GET"]}}],"collection":[{"href":"https:\/\/ovowhite.com\/es\/wp-json\/wp\/v2\/pages"}],"about":[{"href":"https:\/\/ovowhite.com\/es\/wp-json\/wp\/v2\/types\/page"}],"author":[{"embeddable":true,"href":"https:\/\/ovowhite.com\/es\/wp-json\/wp\/v2\/users\/1"}],"replies":[{"embeddable":true,"href":"https:\/\/ovowhite.com\/es\/wp-json\/wp\/v2\/comments?post=4038"}],"version-history":[{"count":2,"href":"https:\/\/ovowhite.com\/es\/wp-json\/wp\/v2\/pages\/4038\/revisions"}],"predecessor-version":[{"id":4040,"href":"https:\/\/ovowhite.com\/es\/wp-json\/wp\/v2\/pages\/4038\/revisions\/4040"}],"wp:attachment":[{"href":"https:\/\/ovowhite.com\/es\/wp-json\/wp\/v2\/media?parent=4038"}],"curies":[{"name":"wp","href":"https:\/\/api.w.org\/{rel}","templated":true}]}}