{"id":4031,"date":"2023-07-05T09:27:43","date_gmt":"2023-07-05T07:27:43","guid":{"rendered":"https:\/\/ovowhite.com\/carrito\/"},"modified":"2025-10-02T13:56:49","modified_gmt":"2025-10-02T11:56:49","slug":"carrito","status":"publish","type":"page","link":"https:\/\/ovowhite.com\/es\/carrito\/","title":{"rendered":"Carrito"},"content":{"rendered":"<p>[et_pb_section fb_built=\u00bb1&#8243; _builder_version=\u00bb4.16&#8243; global_colors_info=\u00bb{}\u00bb][et_pb_row _builder_version=\u00bb4.16&#8243; background_size=\u00bbinitial\u00bb background_position=\u00bbtop_left\u00bb background_repeat=\u00bbrepeat\u00bb global_colors_info=\u00bb{}\u00bb][et_pb_column type=\u00bb4_4&#8243; _builder_version=\u00bb4.16&#8243; custom_padding=\u00bb|||\u00bb global_colors_info=\u00bb{}\u00bb custom_padding__hover=\u00bb|||\u00bb][et_pb_post_title meta=\u00bboff\u00bb featured_image=\u00bboff\u00bb _builder_version=\u00bb4.19.5&#8243; title_font=\u00bb|700|||||||\u00bb title_font_size=\u00bb50px\u00bb global_colors_info=\u00bb{}\u00bb][\/et_pb_post_title][et_pb_wc_cart_notice _builder_version=\u00bb4.19.5&#8243; custom_button=\u00bbon\u00bb button_text_size=\u00bb16px\u00bb button_text_color=\u00bb#FFFFFF\u00bb button_bg_color=\u00bb#045094&#8243; button_border_width=\u00bb0px\u00bb button_border_radius=\u00bb100px\u00bb button_letter_spacing=\u00bb0px\u00bb button_font=\u00bb|700||on|||||\u00bb button_custom_padding=\u00bb16px|32px|16px|32px|true|true\u00bb button_text_color_tablet=\u00bb#045094&#8243; button_text_color_phone=\u00bb#045094&#8243; button_text_color_last_edited=\u00bbon|tablet\u00bb button_bg_color_tablet=\u00bb#FFFFFF\u00bb button_bg_color_phone=\u00bb#FFFFFF\u00bb button_bg_color_last_edited=\u00bbon|desktop\u00bb box_shadow_style_button=\u00bbpreset4&#8243; box_shadow_horizontal_button=\u00bb0px\u00bb box_shadow_vertical_button=\u00bb0px\u00bb box_shadow_color_button=\u00bb#045094&#8243; box_shadow_vertical_button_last_edited=\u00bboff|desktop\u00bb global_colors_info=\u00bb{}\u00bb button_text_color__hover=\u00bb#045094&#8243; button_text_color__hover_enabled=\u00bbon|hover\u00bb button_bg_color__hover=\u00bb#FFFFFF\u00bb button_bg_color__hover_enabled=\u00bbon|hover\u00bb box_shadow_vertical_button__hover_enabled=\u00bbon|hover\u00bb box_shadow_vertical_button__hover=\u00bb8px\u00bb][\/et_pb_wc_cart_notice][et_pb_wc_cart_products table_header_background_color=\u00bb#045094&#8243; _builder_version=\u00bb4.24.3&#8243; table_header_font=\u00bb|700||on|||||\u00bb table_header_text_color=\u00bb#FFFFFF\u00bb custom_button=\u00bbon\u00bb button_text_size=\u00bb16px\u00bb button_text_color=\u00bb#FFFFFF\u00bb button_bg_color=\u00bb#045094&#8243; button_border_width=\u00bb0px\u00bb button_border_radius=\u00bb100px\u00bb button_letter_spacing=\u00bb0px\u00bb button_font=\u00bb|700||on|||||\u00bb button_custom_padding=\u00bb16px|32px|16px|32px|true|true\u00bb custom_disabled_button=\u00bbon\u00bb disabled_button_text_size=\u00bb16px\u00bb disabled_button_text_color=\u00bb#FFFFFF\u00bb disabled_button_bg_color=\u00bb#045094&#8243; disabled_button_border_width=\u00bb0px\u00bb disabled_button_border_radius=\u00bb100px\u00bb disabled_button_letter_spacing=\u00bb0px\u00bb disabled_button_font=\u00bb|700||on|||||\u00bb disabled_button_custom_padding=\u00bb16px|32px|16px|32px|true|true\u00bb hover_enabled=\u00bb0&#8243; button_text_color_tablet=\u00bb#045094&#8243; button_text_color_phone=\u00bb#045094&#8243; button_text_color_last_edited=\u00bbon|tablet\u00bb button_bg_color_tablet=\u00bb#FFFFFF\u00bb button_bg_color_phone=\u00bb#FFFFFF\u00bb button_bg_color_last_edited=\u00bbon|desktop\u00bb disabled_button_text_color_tablet=\u00bb#045094&#8243; disabled_button_text_color_phone=\u00bb#045094&#8243; disabled_button_text_color_last_edited=\u00bbon|tablet\u00bb disabled_button_bg_color_tablet=\u00bb#FFFFFF\u00bb disabled_button_bg_color_phone=\u00bb#FFFFFF\u00bb disabled_button_bg_color_last_edited=\u00bbon|desktop\u00bb box_shadow_style_button=\u00bbpreset4&#8243; box_shadow_horizontal_button=\u00bb0px\u00bb box_shadow_vertical_button=\u00bb0px\u00bb box_shadow_color_button=\u00bb#045094&#8243; box_shadow_style_disabled_button=\u00bbpreset4&#8243; box_shadow_horizontal_disabled_button=\u00bb0px\u00bb box_shadow_vertical_disabled_button=\u00bb0px\u00bb box_shadow_color_disabled_button=\u00bb#045094&#8243; global_colors_info=\u00bb{}\u00bb button_text_color__hover=\u00bb#045094&#8243; button_text_color__hover_enabled=\u00bbon|hover\u00bb button_bg_color__hover=\u00bb#FFFFFF\u00bb button_bg_color__hover_enabled=\u00bbon|hover\u00bb box_shadow_vertical_button__hover=\u00bb8px\u00bb box_shadow_vertical_button__hover_enabled=\u00bbon|hover\u00bb disabled_button_text_color__hover=\u00bb#045094&#8243; disabled_button_text_color__hover_enabled=\u00bbon|hover\u00bb disabled_button_bg_color__hover=\u00bb#FFFFFF\u00bb disabled_button_bg_color__hover_enabled=\u00bbon|hover\u00bb box_shadow_vertical_disabled_button__hover=\u00bb8px\u00bb box_shadow_vertical_disabled_button__hover_enabled=\u00bbon|hover\u00bb sticky_enabled=\u00bb0&#8243;][\/et_pb_wc_cart_products][\/et_pb_column][\/et_pb_row][et_pb_row column_structure=\u00bb1_2,1_2&#8243; _builder_version=\u00bb4.16&#8243; background_size=\u00bbinitial\u00bb background_position=\u00bbtop_left\u00bb background_repeat=\u00bbrepeat\u00bb global_colors_info=\u00bb{}\u00bb][et_pb_column type=\u00bb1_2&#8243; _builder_version=\u00bb4.16&#8243; custom_padding=\u00bb|||\u00bb global_colors_info=\u00bb{}\u00bb custom_padding__hover=\u00bb|||\u00bb][et_pb_wc_cross_sells _builder_version=\u00bb4.16&#8243; global_colors_info=\u00bb{}\u00bb][\/et_pb_wc_cross_sells][\/et_pb_column][et_pb_column type=\u00bb1_2&#8243; _builder_version=\u00bb4.16&#8243; custom_padding=\u00bb|||\u00bb global_colors_info=\u00bb{}\u00bb custom_padding__hover=\u00bb|||\u00bb][et_pb_wc_cart_totals _builder_version=\u00bb4.16&#8243; title_font=\u00bb|700|||||||\u00bb title_font_size=\u00bb50px\u00bb custom_button=\u00bbon\u00bb button_text_size=\u00bb16px\u00bb button_text_color=\u00bb#FFFFFF\u00bb button_bg_color=\u00bb#045094&#8243; button_border_width=\u00bb0px\u00bb button_border_radius=\u00bb100px\u00bb button_letter_spacing=\u00bb0px\u00bb button_font=\u00bb|700||on|||||\u00bb button_custom_padding=\u00bb16px|32px|16px|32px|true|true\u00bb button_text_color_tablet=\u00bb#045094&#8243; button_text_color_phone=\u00bb#045094&#8243; button_text_color_last_edited=\u00bbon|tablet\u00bb button_bg_color_tablet=\u00bb#FFFFFF\u00bb button_bg_color_phone=\u00bb#FFFFFF\u00bb button_bg_color_last_edited=\u00bbon|tablet\u00bb box_shadow_style_button=\u00bbpreset4&#8243; box_shadow_horizontal_button=\u00bb0px\u00bb box_shadow_vertical_button=\u00bb0px\u00bb box_shadow_color_button=\u00bb#045094&#8243; global_colors_info=\u00bb{}\u00bb button_text_color__hover=\u00bb#045094&#8243; button_text_color__hover_enabled=\u00bbon|hover\u00bb button_bg_color__hover=\u00bb#FFFFFF\u00bb button_bg_color__hover_enabled=\u00bbon|desktop\u00bb box_shadow_vertical_button__hover=\u00bb8px\u00bb box_shadow_vertical_button__hover_enabled=\u00bbon|hover\u00bb][\/et_pb_wc_cart_totals][\/et_pb_column][\/et_pb_row][\/et_pb_section]<\/p>\n","protected":false},"excerpt":{"rendered":"","protected":false},"author":1,"featured_media":0,"parent":0,"menu_order":0,"comment_status":"closed","ping_status":"closed","template":"","meta":{"_et_pb_use_builder":"on","_et_pb_old_content":"<!-- wp:shortcode -->[woocommerce_cart]<!-- \/wp:shortcode -->","_et_gb_content_width":"","footnotes":""},"class_list":["post-4031","page","type-page","status-publish","hentry"],"yoast_head":"<!-- This site is optimized with the Yoast SEO plugin v27.1.1 - https:\/\/yoast.com\/product\/yoast-seo-wordpress\/ -->\n<title>Ovowhite\u00ae Sitio oficial - Carrito<\/title>\n<meta name=\"robots\" content=\"index, follow, max-snippet:-1, max-image-preview:large, max-video-preview:-1\" \/>\n<link rel=\"canonical\" href=\"https:\/\/ovowhite.com\/es\/carrito\/\" \/>\n<meta property=\"og:locale\" content=\"es_ES\" \/>\n<meta property=\"og:type\" content=\"article\" \/>\n<meta property=\"og:title\" content=\"Ovowhite\u00ae Sitio oficial - Carrito\" \/>\n<meta property=\"og:url\" content=\"https:\/\/ovowhite.com\/es\/carrito\/\" \/>\n<meta property=\"og:site_name\" content=\"Ovowhite\u00ae Sitio oficial\" \/>\n<meta property=\"article:modified_time\" content=\"2025-10-02T11:56:49+00:00\" \/>\n<meta name=\"twitter:card\" content=\"summary_large_image\" \/>\n<meta name=\"twitter:label1\" content=\"Tiempo de lectura\" \/>\n\t<meta name=\"twitter:data1\" content=\"1 minuto\" \/>\n<script type=\"application\/ld+json\" class=\"yoast-schema-graph\">{\"@context\":\"https:\/\/schema.org\",\"@graph\":[{\"@type\":\"WebPage\",\"@id\":\"https:\/\/ovowhite.com\/es\/carrito\/\",\"url\":\"https:\/\/ovowhite.com\/es\/carrito\/\",\"name\":\"Ovowhite\u00ae Sitio oficial - Carrito\",\"isPartOf\":{\"@id\":\"https:\/\/ovowhite.com\/#website\"},\"datePublished\":\"2023-07-05T07:27:43+00:00\",\"dateModified\":\"2025-10-02T11:56:49+00:00\",\"inLanguage\":\"es\",\"potentialAction\":[{\"@type\":\"ReadAction\",\"target\":[\"https:\/\/ovowhite.com\/es\/carrito\/\"]}]},{\"@type\":\"WebSite\",\"@id\":\"https:\/\/ovowhite.com\/#website\",\"url\":\"https:\/\/ovowhite.com\/\",\"name\":\"Ovowhite\u00ae Official Website\",\"description\":\"Ovowhite Protein Shake es la prote\u00edna especializada 100% sin lactosa y libre de l\u00e1cteos m\u00e1s vendida en Europa.\",\"potentialAction\":[{\"@type\":\"SearchAction\",\"target\":{\"@type\":\"EntryPoint\",\"urlTemplate\":\"https:\/\/ovowhite.com\/?s={search_term_string}\"},\"query-input\":{\"@type\":\"PropertyValueSpecification\",\"valueRequired\":true,\"valueName\":\"search_term_string\"}}],\"inLanguage\":\"es\"}]}<\/script>\n<!-- \/ Yoast SEO plugin. -->","yoast_head_json":{"title":"Ovowhite\u00ae Sitio oficial - Carrito","robots":{"index":"index","follow":"follow","max-snippet":"max-snippet:-1","max-image-preview":"max-image-preview:large","max-video-preview":"max-video-preview:-1"},"canonical":"https:\/\/ovowhite.com\/es\/carrito\/","og_locale":"es_ES","og_type":"article","og_title":"Ovowhite\u00ae Sitio oficial - Carrito","og_url":"https:\/\/ovowhite.com\/es\/carrito\/","og_site_name":"Ovowhite\u00ae Sitio oficial","article_modified_time":"2025-10-02T11:56:49+00:00","twitter_card":"summary_large_image","twitter_misc":{"Tiempo de lectura":"1 minuto"},"schema":{"@context":"https:\/\/schema.org","@graph":[{"@type":"WebPage","@id":"https:\/\/ovowhite.com\/es\/carrito\/","url":"https:\/\/ovowhite.com\/es\/carrito\/","name":"Ovowhite\u00ae Sitio oficial - Carrito","isPartOf":{"@id":"https:\/\/ovowhite.com\/#website"},"datePublished":"2023-07-05T07:27:43+00:00","dateModified":"2025-10-02T11:56:49+00:00","inLanguage":"es","potentialAction":[{"@type":"ReadAction","target":["https:\/\/ovowhite.com\/es\/carrito\/"]}]},{"@type":"WebSite","@id":"https:\/\/ovowhite.com\/#website","url":"https:\/\/ovowhite.com\/","name":"Ovowhite\u00ae Official Website","description":"Ovowhite Protein Shake es la prote\u00edna especializada 100% sin lactosa y libre de l\u00e1cteos m\u00e1s vendida en Europa.","potentialAction":[{"@type":"SearchAction","target":{"@type":"EntryPoint","urlTemplate":"https:\/\/ovowhite.com\/?s={search_term_string}"},"query-input":{"@type":"PropertyValueSpecification","valueRequired":true,"valueName":"search_term_string"}}],"inLanguage":"es"}]}},"_links":{"self":[{"href":"https:\/\/ovowhite.com\/es\/wp-json\/wp\/v2\/pages\/4031","targetHints":{"allow":["GET"]}}],"collection":[{"href":"https:\/\/ovowhite.com\/es\/wp-json\/wp\/v2\/pages"}],"about":[{"href":"https:\/\/ovowhite.com\/es\/wp-json\/wp\/v2\/types\/page"}],"author":[{"embeddable":true,"href":"https:\/\/ovowhite.com\/es\/wp-json\/wp\/v2\/users\/1"}],"replies":[{"embeddable":true,"href":"https:\/\/ovowhite.com\/es\/wp-json\/wp\/v2\/comments?post=4031"}],"version-history":[{"count":11,"href":"https:\/\/ovowhite.com\/es\/wp-json\/wp\/v2\/pages\/4031\/revisions"}],"predecessor-version":[{"id":7686,"href":"https:\/\/ovowhite.com\/es\/wp-json\/wp\/v2\/pages\/4031\/revisions\/7686"}],"wp:attachment":[{"href":"https:\/\/ovowhite.com\/es\/wp-json\/wp\/v2\/media?parent=4031"}],"curies":[{"name":"wp","href":"https:\/\/api.w.org\/{rel}","templated":true}]}}